{"id":9784,"date":"2025-11-17T12:34:01","date_gmt":"2025-11-17T12:34:01","guid":{"rendered":"https:\/\/jpacademy.gov.mk\/?page_id=9784"},"modified":"2025-12-24T12:39:27","modified_gmt":"2025-12-24T12:39:27","slug":"%d0%b8%d0%bd%d1%82%d0%b5%d0%b3%d1%80%d0%b8%d1%82%d0%b5%d1%82-%d0%b5%d0%b2%d0%b8%d0%b4%d0%b5%d0%bd%d1%86%d0%b8%d1%98%d0%b0-%d0%bd%d0%b0-%d0%bf%d1%80%d0%b8%d0%bc%d0%b5%d0%bd%d0%b8-%d0%bf%d0%be%d0%b4","status":"publish","type":"page","link":"https:\/\/jpacademy.gov.mk\/sq\/%d0%b8%d0%bd%d1%82%d0%b5%d0%b3%d1%80%d0%b8%d1%82%d0%b5%d1%82-%d0%b5%d0%b2%d0%b8%d0%b4%d0%b5%d0%bd%d1%86%d0%b8%d1%98%d0%b0-%d0%bd%d0%b0-%d0%bf%d1%80%d0%b8%d0%bc%d0%b5%d0%bd%d0%b8-%d0%bf%d0%be%d0%b4\/","title":{"rendered":"(\u041c\u0430\u043a\u0435\u0434\u043e\u043d\u0441\u043a\u0438) \u0418\u043d\u0442\u0435\u0433\u0440\u0438\u0442\u0435\u0442, \u0435\u0432\u0438\u0434\u0435\u043d\u0446\u0438\u0458\u0430 \u043d\u0430 \u043f\u0440\u0438\u043c\u0435\u043d\u0438 \u043f\u043e\u0434\u0430\u0440\u043e\u0446\u0438 \u0438 \u043a\u043e\u043c\u0443\u043d\u0438\u043a\u0430\u0446\u0438\u0458\u0430 \u0441\u043e \u0433\u0440\u0430\u0453\u0430\u043d\u0438 \u0441\u043e \u043e\u0434\u0440\u0435\u0434\u0435\u043d \u0441\u0442\u0435\u043f\u0435\u043d \u043d\u0430 \u043f\u043e\u043f\u0440\u0435\u0447\u0435\u043d\u043e\u0441\u0442"},"content":{"rendered":"<p class=\"qtranxs-available-languages-message qtranxs-available-languages-message-sq\">Fatkeq\u00ebsisht hyrja \u00ebsht\u00eb e disponueshme vet\u00ebm n\u00eb% LANG:,: dhe%.<\/p>","protected":false},"excerpt":{"rendered":"<p>Fatkeq\u00ebsisht hyrja \u00ebsht\u00eb e disponueshme vet\u00ebm n\u00eb% LANG:,: dhe%.<\/p>\n","protected":false},"author":2,"featured_media":0,"parent":0,"menu_order":0,"comment_status":"closed","ping_status":"closed","template":"","meta":{"footnotes":""},"class_list":["post-9784","page","type-page","status-publish"],"_links":{"self":[{"href":"https:\/\/jpacademy.gov.mk\/sq\/wp-json\/wp\/v2\/pages\/9784","targetHints":{"allow":["GET"]}}],"collection":[{"href":"https:\/\/jpacademy.gov.mk\/sq\/wp-json\/wp\/v2\/pages"}],"about":[{"href":"https:\/\/jpacademy.gov.mk\/sq\/wp-json\/wp\/v2\/types\/page"}],"author":[{"embeddable":true,"href":"https:\/\/jpacademy.gov.mk\/sq\/wp-json\/wp\/v2\/users\/2"}],"replies":[{"embeddable":true,"href":"https:\/\/jpacademy.gov.mk\/sq\/wp-json\/wp\/v2\/comments?post=9784"}],"version-history":[{"count":2,"href":"https:\/\/jpacademy.gov.mk\/sq\/wp-json\/wp\/v2\/pages\/9784\/revisions"}],"predecessor-version":[{"id":9877,"href":"https:\/\/jpacademy.gov.mk\/sq\/wp-json\/wp\/v2\/pages\/9784\/revisions\/9877"}],"wp:attachment":[{"href":"https:\/\/jpacademy.gov.mk\/sq\/wp-json\/wp\/v2\/media?parent=9784"}],"curies":[{"name":"wp","href":"https:\/\/api.w.org\/{rel}","templated":true}]}}