{"id":9359,"date":"2025-07-01T07:48:18","date_gmt":"2025-07-01T07:48:18","guid":{"rendered":"https:\/\/jpacademy.gov.mk\/?page_id=9359"},"modified":"2025-07-01T11:22:43","modified_gmt":"2025-07-01T11:22:43","slug":"%d0%ba%d0%be%d0%bc%d0%b8%d1%81%d0%b8%d1%98%d0%b0-%d0%b7%d0%b0-%d1%80%d0%b5%d0%b2%d0%b8%d0%b7%d0%b8%d1%98%d0%b0","status":"publish","type":"page","link":"https:\/\/jpacademy.gov.mk\/sq\/%d0%ba%d0%be%d0%bc%d0%b8%d1%81%d0%b8%d1%98%d0%b0-%d0%b7%d0%b0-%d1%80%d0%b5%d0%b2%d0%b8%d0%b7%d0%b8%d1%98%d0%b0\/","title":{"rendered":"(\u041c\u0430\u043a\u0435\u0434\u043e\u043d\u0441\u043a\u0438) \u041a\u043e\u043c\u0438\u0441\u0438\u0458\u0430 \u0437\u0430 \u0440\u0435\u0432\u0438\u0437\u0438\u0458\u0430"},"content":{"rendered":"<p class=\"qtranxs-available-languages-message qtranxs-available-languages-message-sq\">Fatkeq\u00ebsisht hyrja \u00ebsht\u00eb e disponueshme vet\u00ebm n\u00eb% LANG:,: dhe%.<\/p>","protected":false},"excerpt":{"rendered":"<p>Fatkeq\u00ebsisht hyrja \u00ebsht\u00eb e disponueshme vet\u00ebm n\u00eb% LANG:,: dhe%.<\/p>\n","protected":false},"author":2,"featured_media":0,"parent":0,"menu_order":0,"comment_status":"closed","ping_status":"closed","template":"","meta":{"footnotes":""},"class_list":["post-9359","page","type-page","status-publish"],"_links":{"self":[{"href":"https:\/\/jpacademy.gov.mk\/sq\/wp-json\/wp\/v2\/pages\/9359","targetHints":{"allow":["GET"]}}],"collection":[{"href":"https:\/\/jpacademy.gov.mk\/sq\/wp-json\/wp\/v2\/pages"}],"about":[{"href":"https:\/\/jpacademy.gov.mk\/sq\/wp-json\/wp\/v2\/types\/page"}],"author":[{"embeddable":true,"href":"https:\/\/jpacademy.gov.mk\/sq\/wp-json\/wp\/v2\/users\/2"}],"replies":[{"embeddable":true,"href":"https:\/\/jpacademy.gov.mk\/sq\/wp-json\/wp\/v2\/comments?post=9359"}],"version-history":[{"count":2,"href":"https:\/\/jpacademy.gov.mk\/sq\/wp-json\/wp\/v2\/pages\/9359\/revisions"}],"predecessor-version":[{"id":9375,"href":"https:\/\/jpacademy.gov.mk\/sq\/wp-json\/wp\/v2\/pages\/9359\/revisions\/9375"}],"wp:attachment":[{"href":"https:\/\/jpacademy.gov.mk\/sq\/wp-json\/wp\/v2\/media?parent=9359"}],"curies":[{"name":"wp","href":"https:\/\/api.w.org\/{rel}","templated":true}]}}