{"id":9356,"date":"2025-07-01T07:45:53","date_gmt":"2025-07-01T07:45:53","guid":{"rendered":"https:\/\/jpacademy.gov.mk\/?page_id=9356"},"modified":"2025-12-29T08:31:39","modified_gmt":"2025-12-29T08:31:39","slug":"%d0%bf%d1%80%d0%be%d0%b3%d1%80%d0%b0%d0%bc%d1%81%d0%ba%d0%b8-%d1%81%d0%be%d0%b2%d0%b5%d1%82","status":"publish","type":"page","link":"https:\/\/jpacademy.gov.mk\/sq\/%d0%bf%d1%80%d0%be%d0%b3%d1%80%d0%b0%d0%bc%d1%81%d0%ba%d0%b8-%d1%81%d0%be%d0%b2%d0%b5%d1%82\/","title":{"rendered":"(\u041c\u0430\u043a\u0435\u0434\u043e\u043d\u0441\u043a\u0438) \u041f\u0440\u043e\u0433\u0440\u0430\u043c\u0441\u043a\u0438 \u0441\u043e\u0432\u0435\u0442"},"content":{"rendered":"<p class=\"qtranxs-available-languages-message qtranxs-available-languages-message-sq\">Fatkeq\u00ebsisht hyrja \u00ebsht\u00eb e disponueshme vet\u00ebm n\u00eb% LANG:,: dhe%.<\/p>","protected":false},"excerpt":{"rendered":"<p>Fatkeq\u00ebsisht hyrja \u00ebsht\u00eb e disponueshme vet\u00ebm n\u00eb% LANG:,: dhe%.<\/p>\n","protected":false},"author":2,"featured_media":0,"parent":0,"menu_order":0,"comment_status":"closed","ping_status":"closed","template":"","meta":{"footnotes":""},"class_list":["post-9356","page","type-page","status-publish"],"_links":{"self":[{"href":"https:\/\/jpacademy.gov.mk\/sq\/wp-json\/wp\/v2\/pages\/9356","targetHints":{"allow":["GET"]}}],"collection":[{"href":"https:\/\/jpacademy.gov.mk\/sq\/wp-json\/wp\/v2\/pages"}],"about":[{"href":"https:\/\/jpacademy.gov.mk\/sq\/wp-json\/wp\/v2\/types\/page"}],"author":[{"embeddable":true,"href":"https:\/\/jpacademy.gov.mk\/sq\/wp-json\/wp\/v2\/users\/2"}],"replies":[{"embeddable":true,"href":"https:\/\/jpacademy.gov.mk\/sq\/wp-json\/wp\/v2\/comments?post=9356"}],"version-history":[{"count":3,"href":"https:\/\/jpacademy.gov.mk\/sq\/wp-json\/wp\/v2\/pages\/9356\/revisions"}],"predecessor-version":[{"id":9896,"href":"https:\/\/jpacademy.gov.mk\/sq\/wp-json\/wp\/v2\/pages\/9356\/revisions\/9896"}],"wp:attachment":[{"href":"https:\/\/jpacademy.gov.mk\/sq\/wp-json\/wp\/v2\/media?parent=9356"}],"curies":[{"name":"wp","href":"https:\/\/api.w.org\/{rel}","templated":true}]}}