{"id":7304,"date":"2023-11-13T13:49:03","date_gmt":"2023-11-13T13:49:03","guid":{"rendered":"https:\/\/jpacademy.gov.mk\/?page_id=7304"},"modified":"2023-11-13T15:08:12","modified_gmt":"2023-11-13T15:08:12","slug":"dcaf","status":"publish","type":"page","link":"https:\/\/jpacademy.gov.mk\/sq\/cooperation\/dcaf\/","title":{"rendered":"DCAF"},"content":{"rendered":"<section class=\"wpb-content-wrapper\"><p>[vc_row full_width=&#8221;stretch_row&#8221; css=&#8221;.vc_custom_1658795300179{padding-top: 160px !important;padding-bottom: 160px !important;background-image: url(https:\/\/jpacademy.gov.mk\/wp-content\/uploads\/2022\/07\/mkd-flag.jpg?id=1890) !important;background-position: center !important;background-repeat: no-repeat !important;background-size: cover !important;}&#8221;][vc_column][vc_column_text]<\/p>\n<div class=\"title-h1\" style=\"text-align: center;\"><span style=\"color: #ffffff;\">DCAF<\/span><\/div>\n<p>[\/vc_column_text][vc_column_text]<\/p>\n<p style=\"text-align: center;\"><a href=\"https:\/\/jpacademy.gov.mk\/en\/cooperation\/\"><span style=\"color: #ffffff;\">Bashk\u00ebpunimi nd\u00ebrkomb\u00ebtar<\/span><\/a><\/p>\n<p>[\/vc_column_text][\/vc_column][\/vc_row][vc_row full_width=&#8221;stretch_row&#8221; video_bg=&#8221;yes&#8221; video_bg_url=&#8221;&#8221; css=&#8221;.vc_custom_1658836474232{margin-top: -20px !important;margin-bottom: 0px !important;background-color: #2c2e3d !important;}&#8221;][vc_column css=&#8221;.vc_custom_1563450678921{padding-top: 0px !important;}&#8221;]<div class=\"clearboth\"><\/div><style>#thegem-divider-69d29965943c7 {margin-top: 85px !important;}<\/style><div id=\"thegem-divider-69d29965943c7\" class=\"gem-divider  \" style=\"\" ><\/div>[vc_column_text]<span class=\"styled-subtitle\" style=\"color: #ffffff;\">DCAF ndihmon vendet partnere n\u00eb zhvillimin e ligjeve, institucioneve, politikave dhe praktikave p\u00ebr t\u00eb p\u00ebrmir\u00ebsuar qeverisjen dhe llogaridh\u00ebnien n\u00eb sektorin e siguris\u00eb. Normat dhe parimet nd\u00ebrkomb\u00ebtare t\u00eb paanshm\u00ebris\u00eb, pron\u00ebsis\u00eb lokale, pjes\u00ebmarrjes gjith\u00ebp\u00ebrfshir\u00ebse dhe barazis\u00eb gjinore jan\u00eb baza e mb\u00ebshtetjes s\u00eb DCAF p\u00ebr reformat komb\u00ebtare <\/span><\/p>\n<p><span class=\"styled-subtitle\" style=\"color: #ffffff;\">Q\u00eb nga viti 2017, Qeveria e Republik\u00ebs s\u00eb Maqedonis\u00eb s\u00eb Veriut ka intensifikuar p\u00ebrpjekjet p\u00ebr integrimin euroatlantik t\u00eb vendit dhe ka nisur reforma t\u00eb r\u00ebnd\u00ebsishme n\u00eb sektorin e siguris\u00eb dhe inteligjenc\u00ebs, duke avancuar tranzicionin demokratik dhe duke vendosur kthimin e besimit t\u00eb publikut n\u00eb institucionet shtet\u00ebrore.<br \/>\nN\u00eb mb\u00ebshtetje t\u00eb k\u00ebtyre reformave, DCAF zbatoi &#8220;Programin e reform\u00ebs s\u00eb sektorit t\u00eb inteligjenc\u00ebs n\u00eb Maqedonin\u00eb e Veriut&#8221; nga n\u00ebntori 2017 deri n\u00eb mars 2021. N\u00eb kuad\u00ebr t\u00eb Programit, DCAF bashk\u00ebpunoi me Akademin\u00eb n\u00eb mb\u00ebshtetje t\u00eb sistemit gjyq\u00ebsor n\u00eb Maqedonin\u00eb e Veriut p\u00ebr t\u00eb forcuar kapacitetin p\u00ebr mbik\u00ebqyrje t\u00eb pavarur t\u00eb p\u00ebrdorimit t\u00eb metodave invazive t\u00eb mbledhjes s\u00eb informacionit nga sh\u00ebrbimet e zbatimit t\u00eb ligjit dhe inteligjenc\u00ebs. Aktivitetet e programit u fokusuan n\u00eb zhvillimin e produkteve t\u00eb njohurive dhe mund\u00ebsive t\u00eb trajnimit t\u00eb krijuara posa\u00e7\u00ebrisht p\u00ebr t&#8217;u mund\u00ebsuar an\u00ebtar\u00ebve t\u00eb gjyq\u00ebsorit t\u00eb zbatojn\u00eb n\u00eb praktik\u00ebn ligjore kriteret dhe parimet p\u00ebrkat\u00ebse ligjore q\u00eb dalin nga jurisprudenca e Gjykat\u00ebs Evropiane p\u00ebr t\u00eb Drejtat e Njeriut (GJEDNJ).<br \/>\nGjat\u00eb viteve 2018-19, Programi pa zhvillimin e nj\u00eb dialogu t\u00eb strukturuar dhe sistematik n\u00eb gjyq\u00ebsorin komb\u00ebtar p\u00ebr \u00e7\u00ebshtjen e miratimit gjyq\u00ebsor t\u00eb metodave invazive. Ai krijoi nj\u00eb vler\u00ebsim dhe nd\u00ebrgjegj\u00ebsim t\u00eb shtuar p\u00ebr rolin e gjyq\u00ebsorit si nj\u00eb mbrojtje e fuqishme kund\u00ebr abuzimit t\u00eb metodave invazive. P\u00ebr m\u00eb tep\u00ebr, Programi zhvilloi nj\u00eb Manual p\u00ebr Zbatimin e Masave t\u00eb Monitorimit t\u00eb Komunikimeve, nj\u00eb botim i krijuar si nj\u00eb udh\u00ebzues p\u00ebr praktikuesit e p\u00ebrfshir\u00eb n\u00eb k\u00ebrkes\u00ebn, autorizimin dhe kontrollin e p\u00ebrdorimit t\u00eb metodave invazive n\u00eb zbatimin e standardeve t\u00eb p\u00ebrcaktuara nga GJEDNJ. Q\u00eb nga fundi i vitit 2019, Programi \u00ebsht\u00eb fokusuar n\u00eb zhvillimin e kapaciteteve lokale t\u00eb trajnimit dhe sigurimin e shp\u00ebrndarjes s\u00eb vazhdueshme t\u00eb njohurive dhe praktikave t\u00eb mira n\u00eb miratimin gjyq\u00ebsor t\u00eb metodave invazive. Trajnimet dhe pun\u00ebtorit\u00eb jan\u00eb projektuar dhe organizuar s\u00eb bashku me Akademin\u00eb.<br \/>\nBazuar n\u00eb k\u00ebto rezultate dhe t\u00eb frym\u00ebzuar nga pal\u00ebt e interesuara dhe donator\u00ebt lokal\u00eb, duke filluar nga 01 prilli 2021, DCAF lansoi programin e radh\u00ebs me titull &#8220;Programi i reformave n\u00eb sektorin e inteligjenc\u00ebs dhe siguris\u00eb n\u00eb Republik\u00ebn e Maqedonis\u00eb s\u00eb Veriut&#8221; (2021-2026), i financuar nga Holanda, Suedia dhe Zvicra.<br \/>\nProgrami synon t\u00eb siguroj\u00eb q\u00eb sh\u00ebrbimet e inteligjenc\u00ebs dhe siguris\u00eb n\u00eb Maqedonin\u00eb e Veriut t\u00eb funksionojn\u00eb n\u00eb m\u00ebnyr\u00eb efikase n\u00eb p\u00ebrputhje me sundimin e ligjit dhe n\u00ebn kontroll dhe mbik\u00ebqyrje efektive demokratike (objektivi i programit). Programi synon t\u00eb jap\u00eb nj\u00eb kontribut efektiv dhe t\u00eb q\u00ebndruesh\u00ebm n\u00eb p\u00ebrmir\u00ebsimin e menaxhimit demokratik t\u00eb sektorit t\u00eb siguris\u00eb, duke kontribuar n\u00eb nj\u00eb stabilitet m\u00eb t\u00eb mir\u00eb, sundim t\u00eb ligjit dhe siguri t\u00eb shtetit dhe qytetar\u00ebve (q\u00ebllimi i zhvillimit).<br \/>\nBashk\u00ebpunimi nd\u00ebrmjet Akademis\u00eb dhe DCAF n\u00eb zbatimin e &#8220;Programit p\u00ebr reforma n\u00eb sektorin e inteligjenc\u00ebs dhe siguris\u00eb n\u00eb Republik\u00ebn e Maqedonis\u00eb s\u00eb Veriut&#8221; (2021-2026), i krijuar me Marr\u00ebveshjen e Bashk\u00ebpunimit t\u00eb n\u00ebnshkruar m\u00eb 18.11.2023, kontribuon n\u00eb forcimin e kompetenca gjyq\u00ebsore dhe kapaciteti p\u00ebr miratimin e metodave invazive p\u00ebr mbledhjen e informacionit, t\u00eb cilat do t\u00eb kontribuojn\u00eb n\u00eb rritjen e pavar\u00ebsis\u00eb s\u00eb gjyq\u00ebsorit n\u00eb Republik\u00ebn e Maqedonis\u00eb s\u00eb Veriut.<br \/>\nN\u00eb k\u00ebt\u00eb drejtim, DCAF mb\u00ebshtet Akademin\u00eb p\u00ebr t\u00eb forcuar kapacitetet dhe ekspertiz\u00ebn e saj n\u00eb organizimin e aktiviteteve edukative t\u00eb fokusuara n\u00eb miratimin gjyq\u00ebsor t\u00eb metodave invazive t\u00eb mbledhjes s\u00eb informacionit dhe mbulimit t\u00eb nivelit fillestar (d\u00ebgjuesit), gjyqtar\u00ebve dhe prokuror\u00ebve publik\u00eb. Mb\u00ebshtetja e DCAF p\u00ebr Akademin\u00eb do t\u00eb synoj\u00eb t\u00eb zhvilloj\u00eb kapacitetet lokale t\u00eb trajnimit me gjyqtar\u00ebt dhe prokuror\u00ebt publik\u00eb n\u00eb fushat q\u00eb lidhen me aplikimin e metodave invazive t\u00eb mbledhjes s\u00eb informacionit dhe kontrollit gjyq\u00ebsor mbi ta. Ky \u00ebsht\u00eb nj\u00eb parakusht p\u00ebr rezultate t\u00eb q\u00ebndrueshme t\u00eb Programit.<\/span>[\/vc_column_text]<div class=\"gem-list\" ><p><a href=\"https:\/\/www.dcaf.ch\"><span class=\"styled-subtitle\" style=\"color: #ffffff;\">https:\/\/www.dcaf.ch<\/span><\/a><\/p>\n<\/div><div class=\"clearboth\"><\/div><style>#thegem-divider-69d29965943ff {margin-top: 25px !important;}#thegem-divider-69d29965943ff {margin-bottom: 30px !important;}<\/style><div id=\"thegem-divider-69d29965943ff\" class=\"gem-divider  custom-blue-divider\" style=\"border-color: #00bcd4;\" ><\/div><div class=\"clearboth\"><\/div><style>#thegem-divider-69d299659440f {margin-top: 85px !important;}<\/style><div id=\"thegem-divider-69d299659440f\" class=\"gem-divider  \" style=\"\" ><\/div>[\/vc_column][\/vc_row]<\/p>\n<\/section>","protected":false},"excerpt":{"rendered":"<p>[vc_row full_width=&#8221;stretch_row&#8221; css=&#8221;.vc_custom_1658795300179{padding-top: 160px !important;padding-bottom: 160px !important;background-image: url(https:\/\/jpacademy.gov.mk\/wp-content\/uploads\/2022\/07\/mkd-flag.jpg?id=1890) !important;background-position: center !important;background-repeat: no-repeat !important;background-size: cover !important;}&#8221;][vc_column][vc_column_text] DCAF [\/vc_column_text][vc_column_text] Bashk\u00ebpunimi nd\u00ebrkomb\u00ebtar [\/vc_column_text][\/vc_column][\/vc_row][vc_row&#8230;<\/p>\n","protected":false},"author":1,"featured_media":0,"parent":2530,"menu_order":4,"comment_status":"closed","ping_status":"closed","template":"","meta":{"footnotes":""},"class_list":["post-7304","page","type-page","status-publish"],"_links":{"self":[{"href":"https:\/\/jpacademy.gov.mk\/sq\/wp-json\/wp\/v2\/pages\/7304","targetHints":{"allow":["GET"]}}],"collection":[{"href":"https:\/\/jpacademy.gov.mk\/sq\/wp-json\/wp\/v2\/pages"}],"about":[{"href":"https:\/\/jpacademy.gov.mk\/sq\/wp-json\/wp\/v2\/types\/page"}],"author":[{"embeddable":true,"href":"https:\/\/jpacademy.gov.mk\/sq\/wp-json\/wp\/v2\/users\/1"}],"replies":[{"embeddable":true,"href":"https:\/\/jpacademy.gov.mk\/sq\/wp-json\/wp\/v2\/comments?post=7304"}],"version-history":[{"count":7,"href":"https:\/\/jpacademy.gov.mk\/sq\/wp-json\/wp\/v2\/pages\/7304\/revisions"}],"predecessor-version":[{"id":7315,"href":"https:\/\/jpacademy.gov.mk\/sq\/wp-json\/wp\/v2\/pages\/7304\/revisions\/7315"}],"up":[{"embeddable":true,"href":"https:\/\/jpacademy.gov.mk\/sq\/wp-json\/wp\/v2\/pages\/2530"}],"wp:attachment":[{"href":"https:\/\/jpacademy.gov.mk\/sq\/wp-json\/wp\/v2\/media?parent=7304"}],"curies":[{"name":"wp","href":"https:\/\/api.w.org\/{rel}","templated":true}]}}