{"id":6308,"date":"2023-03-01T12:22:31","date_gmt":"2023-03-01T12:22:31","guid":{"rendered":"https:\/\/jpacademy.gov.mk\/?page_id=6308"},"modified":"2023-03-01T12:23:23","modified_gmt":"2023-03-01T12:23:23","slug":"%d0%b8%d1%81%d0%bf%d0%b8%d1%82","status":"publish","type":"page","link":"https:\/\/jpacademy.gov.mk\/sq\/%d0%b8%d1%81%d0%bf%d0%b8%d1%82\/","title":{"rendered":"(\u041c\u0430\u043a\u0435\u0434\u043e\u043d\u0441\u043a\u0438) \u0418\u0441\u043f\u0438\u0442"},"content":{"rendered":"<p class=\"qtranxs-available-languages-message qtranxs-available-languages-message-sq\">Fatkeq\u00ebsisht hyrja \u00ebsht\u00eb e disponueshme vet\u00ebm n\u00eb% LANG:,: dhe%.<\/p>","protected":false},"excerpt":{"rendered":"<p>Fatkeq\u00ebsisht hyrja \u00ebsht\u00eb e disponueshme vet\u00ebm n\u00eb% LANG:,: dhe%.<\/p>\n","protected":false},"author":1,"featured_media":0,"parent":0,"menu_order":0,"comment_status":"closed","ping_status":"closed","template":"","meta":{"footnotes":""},"class_list":["post-6308","page","type-page","status-publish"],"_links":{"self":[{"href":"https:\/\/jpacademy.gov.mk\/sq\/wp-json\/wp\/v2\/pages\/6308","targetHints":{"allow":["GET"]}}],"collection":[{"href":"https:\/\/jpacademy.gov.mk\/sq\/wp-json\/wp\/v2\/pages"}],"about":[{"href":"https:\/\/jpacademy.gov.mk\/sq\/wp-json\/wp\/v2\/types\/page"}],"author":[{"embeddable":true,"href":"https:\/\/jpacademy.gov.mk\/sq\/wp-json\/wp\/v2\/users\/1"}],"replies":[{"embeddable":true,"href":"https:\/\/jpacademy.gov.mk\/sq\/wp-json\/wp\/v2\/comments?post=6308"}],"version-history":[{"count":2,"href":"https:\/\/jpacademy.gov.mk\/sq\/wp-json\/wp\/v2\/pages\/6308\/revisions"}],"predecessor-version":[{"id":6310,"href":"https:\/\/jpacademy.gov.mk\/sq\/wp-json\/wp\/v2\/pages\/6308\/revisions\/6310"}],"wp:attachment":[{"href":"https:\/\/jpacademy.gov.mk\/sq\/wp-json\/wp\/v2\/media?parent=6308"}],"curies":[{"name":"wp","href":"https:\/\/api.w.org\/{rel}","templated":true}]}}