{"id":598,"date":"2019-07-19T07:13:10","date_gmt":"2019-07-19T07:13:10","guid":{"rendered":"http:\/\/democontent.codex-themes.com\/sites\/agency-media\/?page_id=598"},"modified":"2025-04-28T08:49:04","modified_gmt":"2025-04-28T08:49:04","slug":"career","status":"publish","type":"page","link":"https:\/\/jpacademy.gov.mk\/sq\/about\/career\/","title":{"rendered":"Karriera"},"content":{"rendered":"<section class=\"wpb-content-wrapper\"><p>[vc_row full_width=&#8221;stretch_row&#8221; css=&#8221;.vc_custom_1658133686051{padding-top: 160px !important;padding-bottom: 160px !important;background-image: url(https:\/\/jpacademy.gov.mk\/wp-content\/uploads\/2019\/07\/1-6.jpg?id=604) !important;background-position: center !important;background-repeat: no-repeat !important;background-size: cover !important;}&#8221;][vc_column][vc_column_text]<\/p>\n<div class=\"title-h1\" style=\"text-align: center;\"><span style=\"color: #ffffff;\">Karriera<\/span><\/div>\n<p>[\/vc_column_text][vc_column_text]<\/p>\n<p style=\"text-align: center;\"><span style=\"color: #ffffff;\">Karriera<\/span><\/p>\n<p>[\/vc_column_text][\/vc_column][\/vc_row][vc_row css=&#8221;.vc_custom_1658097045798{margin-bottom: 0px !important;}&#8221;][vc_column]<div class=\"clearboth\"><\/div><style>#thegem-divider-69d4d18a537a2 {margin-top: 85px !important;}<\/style><div id=\"thegem-divider-69d4d18a537a2\" class=\"gem-divider  \" style=\"\" ><\/div>[vc_column_text]<\/p>\n<div class=\"title-h1\" style=\"text-align: left;\">Pozicione t\u00eb hapura<\/div>\n<p>[\/vc_column_text]<div class=\"clearboth\"><\/div><style>#thegem-divider-69d4d18a537bb {margin-top: 25px !important;}#thegem-divider-69d4d18a537bb {margin-bottom: 30px !important;}<\/style><div id=\"thegem-divider-69d4d18a537bb\" class=\"gem-divider  custom-blue-divider\" style=\"border-color: #00bcd4;\" ><\/div><div class=\"clearboth\"><\/div><style>#thegem-divider-69d4d18a537d0 {margin-top: 85px !important;}<\/style><div id=\"thegem-divider-69d4d18a537d0\" class=\"gem-divider  \" style=\"\" ><\/div>[vc_row_inner equal_height=&#8221;yes&#8221; el_class=&#8221;h_row&#8221; css=&#8221;.vc_custom_1658102091914{padding-right: 21px !important;padding-left: 21px !important;}&#8221;][vc_column_inner width=&#8221;1\/2&#8243; css=&#8221;.vc_custom_1563522026651{padding-right: 50px !important;padding-left: 50px !important;background-color: #e8ebed !important;}&#8221;]<div class=\"clearboth\"><\/div><style>#thegem-divider-69d4d18a537e2 {margin-top: 15px !important;}<\/style><div id=\"thegem-divider-69d4d18a537e2\" class=\"gem-divider  \" style=\"\" ><\/div><div class=\"gem-icon-with-text gem-icon-with-text-icon-size-small gem-icon-with-text-float-right\" ><div style=\"margin-bottom:0px;margin-top:0px; \" class=\"gem-icon-with-text-icon\"><div class=\"gem-icon gem-icon-pack-material gem-icon-size-small  gem-icon-shape-circle\"  style=\"border-color: #3c3950;opacity: 1;\"><div class=\"gem-icon-inner\" style=\"\"><span class=\"gem-icon-half-1\" style=\"color: #3c3950;\"><span class=\"back-angle\">&#xf1b7;<\/span><\/span><span class=\"gem-icon-half-2\" style=\"color: #3c3950;\"><span class=\"back-angle\">&#xf1b7;<\/span><\/span><\/div><\/div><\/div><div class=\"gem-icon-with-text-content\" ><div class=\"gem-icon-with-text-text\"><\/div><\/div><div class=\"clearboth\"><\/div><\/div><div class=\"clearboth\"><\/div><style>#thegem-divider-69d4d18a5385b {margin-top: 30px !important;}<\/style><div id=\"thegem-divider-69d4d18a5385b\" class=\"gem-divider  \" style=\"\" ><\/div>[vc_column_text]<\/p>\n<div class=\"title-h4\"><span style=\"color: #3c3950;\">Shpallje publike<\/span><\/div>\n<p>[\/vc_column_text]<div class=\"clearboth\"><\/div><style>#thegem-divider-69d4d18a53872 {margin-top: 20px !important;}<\/style><div id=\"thegem-divider-69d4d18a53872\" class=\"gem-divider  \" style=\"\" ><\/div><div class=\"gem-list gem-list-type-check-style-2 gem-list-color-3\" ><ul>\n<li><a href=\"https:\/\/jpacademy.gov.mk\/wp-content\/uploads\/2024\/08\/Oglas-1.pdf\">Konkursi publik p\u00ebr zgjedhjen e drejtorit t\u00eb Akademis\u00eb p\u00ebr gjykat\u00ebs dhe prokuror\u00eb publik\u00a0<\/a><\/li>\n<\/ul>\n<\/div><div class=\"clearboth\"><\/div><style>#thegem-divider-69d4d18a538c0 {margin-top: 40px !important;}<\/style><div id=\"thegem-divider-69d4d18a538c0\" class=\"gem-divider  \" style=\"\" ><\/div>[\/vc_column_inner][vc_column_inner width=&#8221;1\/2&#8243; css=&#8221;.vc_custom_1563522408857{padding-right: 50px !important;padding-left: 50px !important;background-color: #dfe5e8 !important;}&#8221;]<div class=\"clearboth\"><\/div><style>#thegem-divider-69d4d18a538d5 {margin-top: 15px !important;}<\/style><div id=\"thegem-divider-69d4d18a538d5\" class=\"gem-divider  \" style=\"\" ><\/div><div class=\"gem-icon-with-text gem-icon-with-text-icon-size-small gem-icon-with-text-float-right\" ><div style=\"margin-bottom:0px;margin-top:0px; \" class=\"gem-icon-with-text-icon\"><div class=\"gem-icon gem-icon-pack-material gem-icon-size-small  gem-icon-shape-circle\"  style=\"border-color: #3c3950;opacity: 1;\"><div class=\"gem-icon-inner\" style=\"\"><span class=\"gem-icon-half-1\" style=\"color: #3c3950;\"><span class=\"back-angle\">&#xf4dc;<\/span><\/span><span class=\"gem-icon-half-2\" style=\"color: #3c3950;\"><span class=\"back-angle\">&#xf4dc;<\/span><\/span><\/div><\/div><\/div><div class=\"gem-icon-with-text-content\" ><div class=\"gem-icon-with-text-text\"><\/div><\/div><div class=\"clearboth\"><\/div><\/div><div class=\"clearboth\"><\/div><style>#thegem-divider-69d4d18a53939 {margin-top: 30px !important;}<\/style><div id=\"thegem-divider-69d4d18a53939\" class=\"gem-divider  \" style=\"\" ><\/div>[vc_column_text]<\/p>\n<div class=\"title-h4\"><span style=\"color: #3c3950;\">Shpallje interne<\/span><\/div>\n<p>[\/vc_column_text]<div class=\"clearboth\"><\/div><style>#thegem-divider-69d4d18a53950 {margin-top: 20px !important;}<\/style><div id=\"thegem-divider-69d4d18a53950\" class=\"gem-divider  \" style=\"\" ><\/div><div class=\"gem-list gem-list-type-check-style-2 gem-list-color-3\" ><ul>\n<li><a href=\"https:\/\/jpacademy.gov.mk\/wp-content\/uploads\/2022\/08\/\u0418\u043d\u0442\u0435\u0440\u0435\u043d-\u043e\u0433\u043b\u0430\u0441-\u0437\u0430-\u0431\u0440\u043e\u0458-12022-\u0437\u0430-\u043f\u043e\u043f\u043e\u043b\u043d\u0443\u0432\u0430\u045a\u0435-\u043d\u0430-7-\u0440\u0430\u0431\u043e\u0442\u043d\u0438-\u043c\u0435\u0441\u0442\u0430-\u0441\u043e-\u0443\u043d\u0430\u043f\u0440\u0435\u0434\u0443\u0432\u0430\u045a\u0435.pdf\">\u0418\u043d\u0442\u0435\u0440\u0435\u043d \u043e\u0433\u043b\u0430\u0441 \u0437\u0430 \u0431\u0440\u043e\u0458 12022 \u0437\u0430 \u043f\u043e\u043f\u043e\u043b\u043d\u0443\u0432\u0430\u045a\u0435 \u043d\u0430 7 \u0440\u0430\u0431\u043e\u0442\u043d\u0438 \u043c\u0435\u0441\u0442\u0430 \u0441\u043e \u0443\u043d\u0430\u043f\u0440\u0435\u0434\u0443\u0432\u0430\u045a\u0435<\/a><\/li>\n<\/ul>\n<\/div><div class=\"clearboth\"><\/div><style>#thegem-divider-69d4d18a53993 {margin-top: 40px !important;}<\/style><div id=\"thegem-divider-69d4d18a53993\" class=\"gem-divider  \" style=\"\" ><\/div>[\/vc_column_inner][vc_column_inner width=&#8221;1\/2&#8243; css=&#8221;.vc_custom_1563522450418{padding-right: 50px !important;padding-left: 50px !important;background-color: #dfe5e8 !important;}&#8221;]<div class=\"clearboth\"><\/div><style>#thegem-divider-69d4d18a539b5 {margin-top: 15px !important;}<\/style><div id=\"thegem-divider-69d4d18a539b5\" class=\"gem-divider  \" style=\"\" ><\/div><div class=\"gem-icon-with-text gem-icon-with-text-icon-size-small gem-icon-with-text-float-right\" ><div style=\"margin-bottom:0px;margin-top:0px; \" class=\"gem-icon-with-text-icon\"><div class=\"gem-icon gem-icon-pack-material gem-icon-size-small  gem-icon-shape-circle\"  style=\"border-color: #3c3950;opacity: 1;\"><div class=\"gem-icon-inner\" style=\"\"><span class=\"gem-icon-half-1\" style=\"color: #3c3950;\"><span class=\"back-angle\">&#xf386;<\/span><\/span><span class=\"gem-icon-half-2\" style=\"color: #3c3950;\"><span class=\"back-angle\">&#xf386;<\/span><\/span><\/div><\/div><\/div><div class=\"gem-icon-with-text-content\" ><div class=\"gem-icon-with-text-text\"><\/div><\/div><div class=\"clearboth\"><\/div><\/div><div class=\"clearboth\"><\/div><style>#thegem-divider-69d4d18a53a10 {margin-top: 30px !important;}<\/style><div id=\"thegem-divider-69d4d18a53a10\" class=\"gem-divider  \" style=\"\" ><\/div>[vc_column_text]<\/p>\n<div class=\"title-h4\">Avansim<\/div>\n<p>[\/vc_column_text]<div class=\"clearboth\"><\/div><style>#thegem-divider-69d4d18a53a22 {margin-top: 20px !important;}<\/style><div id=\"thegem-divider-69d4d18a53a22\" class=\"gem-divider  \" style=\"\" ><\/div><div class=\"gem-list gem-list-type-check-style-2 gem-list-color-3\" ><ul>\n<li>\u0410\u043f\u043b\u0438\u043a\u0430\u0446\u0438\u0458\u0430 \u0437\u0430 \u0443\u043d\u0430\u043f\u0440\u0435\u0434\u0443\u0432\u0430\u045a\u0435<\/li>\n<\/ul>\n<\/div><div class=\"clearboth\"><\/div><style>#thegem-divider-69d4d18a53a61 {margin-top: 40px !important;}<\/style><div id=\"thegem-divider-69d4d18a53a61\" class=\"gem-divider  \" style=\"\" ><\/div>[\/vc_column_inner][vc_column_inner width=&#8221;1\/2&#8243; css=&#8221;.vc_custom_1563522466257{padding-right: 50px !important;padding-left: 50px !important;background-color: #e8ebed !important;}&#8221;]<div class=\"clearboth\"><\/div><style>#thegem-divider-69d4d18a53a77 {margin-top: 15px !important;}<\/style><div id=\"thegem-divider-69d4d18a53a77\" class=\"gem-divider  \" style=\"\" ><\/div><div class=\"gem-icon-with-text gem-icon-with-text-icon-size-small gem-icon-with-text-float-right\" ><div style=\"margin-bottom:0px;margin-top:0px; \" class=\"gem-icon-with-text-icon\"><div class=\"gem-icon gem-icon-pack-material gem-icon-size-small  gem-icon-shape-circle\"  style=\"border-color: #3c3950;opacity: 1;\"><div class=\"gem-icon-inner\" style=\"\"><span class=\"gem-icon-half-1\" style=\"color: #3c3950;\"><span class=\"back-angle\">&#xf159;<\/span><\/span><span class=\"gem-icon-half-2\" style=\"color: #3c3950;\"><span class=\"back-angle\">&#xf159;<\/span><\/span><\/div><\/div><\/div><div class=\"gem-icon-with-text-content\" ><div class=\"gem-icon-with-text-text\"><\/div><\/div><div class=\"clearboth\"><\/div><\/div><div class=\"clearboth\"><\/div><style>#thegem-divider-69d4d18a53ad7 {margin-top: 30px !important;}<\/style><div id=\"thegem-divider-69d4d18a53ad7\" class=\"gem-divider  \" style=\"\" ><\/div>[vc_column_text]<\/p>\n<div class=\"title-h4\">Vendime<\/div>\n<p>[\/vc_column_text]<div class=\"clearboth\"><\/div><style>#thegem-divider-69d4d18a53aec {margin-top: 20px !important;}<\/style><div id=\"thegem-divider-69d4d18a53aec\" class=\"gem-divider  \" style=\"\" ><\/div><div class=\"gem-list gem-list-type-check-style-2 gem-list-color-3\" ><ul>\n<li><a href=\"https:\/\/jpacademy.gov.mk\/wp-content\/uploads\/2022\/09\/\u041e\u0434\u043b\u0443\u043a\u0430-\u0437\u0430-\u0443\u043d\u0430\u043f\u0440\u0435\u0434\u0443\u0432\u0430\u045a\u0435-\u0421\u043e\u0432\u0435\u0442\u043d\u0438\u043a-\u0437\u0430-\u0441\u0442\u0440\u0430\u0442\u0435\u0448\u043a\u043e-\u043f\u043b\u0430\u043d\u0438\u0440\u0430\u045a\u0435.pdf\">\u041e\u0434\u043b\u0443\u043a\u0430 \u0437\u0430 \u0443\u043d\u0430\u043f\u0440\u0435\u0434\u0443\u0432\u0430\u045a\u0435 &#8211; \u0421\u043e\u0432\u0435\u0442\u043d\u0438\u043a \u0437\u0430 \u0441\u0442\u0440\u0430\u0442\u0435\u0448\u043a\u043e \u043f\u043b\u0430\u043d\u0438\u0440\u0430\u045a\u0435<\/a><\/li>\n<li><a href=\"https:\/\/jpacademy.gov.mk\/wp-content\/uploads\/2022\/09\/\u041e\u0434\u043b\u0443\u043a\u0430-\u0437\u0430-\u0443\u043d\u0430\u043f\u0440\u0435\u0434\u0443\u0432\u0430\u045a\u0435-\u0421\u043e\u0432\u0435\u0442\u043d\u0438\u043a-\u0437\u0430-\u0440\u0430\u0431\u043e\u0442\u0430-\u0441\u043e-\u0431\u0438\u0431\u043b\u0438\u043e\u0442\u0435\u0447\u043d\u0438\u043e\u0442-\u0444\u043e\u043d\u0434-\u043d\u0430-\u0410\u043a\u0430\u0434\u0435\u043c\u0438\u0458\u0430\u0442\u0430.pdf\">\u041e\u0434\u043b\u0443\u043a\u0430 \u0437\u0430 \u0443\u043d\u0430\u043f\u0440\u0435\u0434\u0443\u0432\u0430\u045a\u0435 &#8211; \u0421\u043e\u0432\u0435\u0442\u043d\u0438\u043a \u0437\u0430 \u0440\u0430\u0431\u043e\u0442\u0430 \u0441\u043e \u0431\u0438\u0431\u043b\u0438\u043e\u0442\u0435\u0447\u043d\u0438\u043e\u0442 \u0444\u043e\u043d\u0434 \u043d\u0430 \u0410\u043a\u0430\u0434\u0435\u043c\u0438\u0458\u0430\u0442\u0430<\/a><\/li>\n<li><a href=\"https:\/\/jpacademy.gov.mk\/wp-content\/uploads\/2022\/09\/\u041e\u0434\u043b\u0443\u043a\u0430-\u0437\u0430-\u0443\u043d\u0430\u043f\u0440\u0435\u0434\u0443\u0432\u0430\u045a\u0435-\u0421\u043e\u0432\u0435\u0442\u043d\u0438\u043a-\u0437\u0430-\u043f\u043e\u0447\u0435\u0442\u043d\u0430-\u043e\u0431\u0443\u043a\u0430.pdf\">\u041e\u0434\u043b\u0443\u043a\u0430 \u0437\u0430 \u0443\u043d\u0430\u043f\u0440\u0435\u0434\u0443\u0432\u0430\u045a\u0435 &#8211; \u0421\u043e\u0432\u0435\u0442\u043d\u0438\u043a \u0437\u0430 \u043f\u043e\u0447\u0435\u0442\u043d\u0430 \u043e\u0431\u0443\u043a\u0430<\/a><\/li>\n<li><a href=\"https:\/\/jpacademy.gov.mk\/wp-content\/uploads\/2022\/09\/\u041e\u0434\u043b\u0443\u043a\u0430-\u0437\u0430-\u0443\u043d\u0430\u043f\u0440\u0435\u0434\u0443\u0432\u0430\u045a\u0435-\u0421\u043e\u0432\u0435\u0442\u043d\u0438\u043a-\u0437\u0430-\u043c\u0435\u0433\u0301\u0443\u043d\u0430\u0440\u043e\u0434\u043d\u0430-\u0441\u043e\u0440\u0430\u0431\u043e\u0442\u043a\u0430.pdf\">\u041e\u0434\u043b\u0443\u043a\u0430 \u0437\u0430 \u0443\u043d\u0430\u043f\u0440\u0435\u0434\u0443\u0432\u0430\u045a\u0435 &#8211; \u0421\u043e\u0432\u0435\u0442\u043d\u0438\u043a \u0437\u0430 \u043c\u0435\u0433\u0301\u0443\u043d\u0430\u0440\u043e\u0434\u043d\u0430 \u0441\u043e\u0440\u0430\u0431\u043e\u0442\u043a\u0430<\/a><\/li>\n<li><a href=\"https:\/\/jpacademy.gov.mk\/wp-content\/uploads\/2022\/09\/\u041e\u0434\u043b\u0443\u043a\u0430-\u0437\u0430-\u0443\u043d\u0430\u043f\u0440\u0435\u0434\u0443\u0432\u0430\u045a\u0435-\u0421\u043e\u0432\u0435\u0442\u043d\u0438\u043a-\u0437\u0430-\u043a\u043e\u043d\u0442\u0438\u043d\u0443\u0438\u0440\u0430\u043d\u0430-\u043e\u0431\u0443\u043a\u0430.pdf\">\u041e\u0434\u043b\u0443\u043a\u0430 \u0437\u0430 \u0443\u043d\u0430\u043f\u0440\u0435\u0434\u0443\u0432\u0430\u045a\u0435 &#8211; \u0421\u043e\u0432\u0435\u0442\u043d\u0438\u043a \u0437\u0430 \u043a\u043e\u043d\u0442\u0438\u043d\u0443\u0438\u0440\u0430\u043d\u0430 \u043e\u0431\u0443\u043a\u0430<\/a><\/li>\n<li><a href=\"https:\/\/jpacademy.gov.mk\/wp-content\/uploads\/2022\/09\/\u041e\u0434\u043b\u0443\u043a\u0430-\u0437\u0430-\u0443\u043d\u0430\u043f\u0440\u0435\u0434\u0443\u0432\u0430\u045a\u0435-\u0421\u0430\u043c\u043e\u0441\u0442\u043e\u0435\u043d-\u0440\u0435\u0444\u0435\u0440\u043d\u0442-\u0441\u0435\u043a\u0440\u0435\u0442\u0430\u0440-\u043d\u0430-\u0414\u0438\u0440\u0435\u043a\u0442\u043e\u0440\u043e\u0442.pdf\">\u041e\u0434\u043b\u0443\u043a\u0430 \u0437\u0430 \u0443\u043d\u0430\u043f\u0440\u0435\u0434\u0443\u0432\u0430\u045a\u0435 &#8211; \u0421\u0430\u043c\u043e\u0441\u0442\u043e\u0435\u043d \u0440\u0435\u0444\u0435\u0440\u043d\u0442 &#8211; \u0441\u0435\u043a\u0440\u0435\u0442\u0430\u0440 \u043d\u0430 \u0414\u0438\u0440\u0435\u043a\u0442\u043e\u0440\u043e\u0442<\/a><\/li>\n<li><a href=\"https:\/\/jpacademy.gov.mk\/wp-content\/uploads\/2022\/09\/\u041e\u0434\u043b\u0443\u043a\u0430-\u0437\u0430-\u0443\u043d\u0430\u043f\u0440\u0435\u0434\u0443\u0432\u0430\u045a\u0435-\u0420\u0430\u043a\u043e\u0432\u043e\u0434\u0438\u0442\u0435\u043b-\u043d\u0430-\u043e\u0434\u0434\u0435\u043b\u0435\u043d\u0438\u0435-\u0437\u0430-\u043f\u043e\u0434\u0440\u0448\u043a\u0430-\u043d\u0430-\u043e\u0440\u0433\u0430\u043d\u0438\u0442\u0435-\u043d\u0430-\u0410\u043a\u0430\u0434\u0435\u043c\u0438\u0458\u0430\u0442\u0430.pdf\">\u041e\u0434\u043b\u0443\u043a\u0430 \u0437\u0430 \u0443\u043d\u0430\u043f\u0440\u0435\u0434\u0443\u0432\u0430\u045a\u0435 &#8211; \u0420\u0430\u043a\u043e\u0432\u043e\u0434\u0438\u0442\u0435\u043b \u043d\u0430 \u043e\u0434\u0434\u0435\u043b\u0435\u043d\u0438\u0435 \u0437\u0430 \u043f\u043e\u0434\u0440\u0448\u043a\u0430 \u043d\u0430 \u043e\u0440\u0433\u0430\u043d\u0438\u0442\u0435 \u043d\u0430 \u0410\u043a\u0430\u0434\u0435\u043c\u0438\u0458\u0430\u0442\u0430<\/a><\/li>\n<li><a href=\"https:\/\/jpacademy.gov.mk\/wp-content\/uploads\/2024\/07\/VENDIMI-.pdf\"><strong>Vendim<\/strong><\/a><\/li>\n<\/ul>\n<\/div><div class=\"clearboth\"><\/div><style>#thegem-divider-69d4d18a53b6b {margin-top: 40px !important;}<\/style><div id=\"thegem-divider-69d4d18a53b6b\" class=\"gem-divider  \" style=\"\" ><\/div>[\/vc_column_inner][\/vc_row_inner]<div class=\"clearboth\"><\/div><style>#thegem-divider-69d4d18a53b7e {margin-top: 85px !important;}<\/style><div id=\"thegem-divider-69d4d18a53b7e\" class=\"gem-divider  \" style=\"\" ><\/div>[\/vc_column][\/vc_row][vc_row][vc_column][vc_column_text]<\/p>\n<div class=\"title-h2\" style=\"text-align: center;\">Nd\u00ebrlidhu<\/div>\n<p>[\/vc_column_text]<div class=\"clearboth\"><\/div><style>#thegem-divider-69d4d18a53b8e {margin-top: 35px !important;}<\/style><div id=\"thegem-divider-69d4d18a53b8e\" class=\"gem-divider  \" style=\"\" ><\/div>[vc_row_inner][vc_column_inner offset=&#8221;vc_col-lg-offset-2 vc_col-lg-8&#8243;][vc_column_text css_animation=&#8221;none&#8221;]<\/p>\n<div style=\"text-align: center;\">Na ndiqni n\u00eb rrjetet sociale<\/div>\n<p>[\/vc_column_text][\/vc_column_inner][\/vc_row_inner]<div class=\"clearboth\"><\/div><style>#thegem-divider-69d4d18a53b9f {margin-top: 55px !important;}<\/style><div id=\"thegem-divider-69d4d18a53b9f\" class=\"gem-divider  \" style=\"\" ><\/div><div class=\"socials socials-list socials-colored-hover socials-rounded socials-alignment-center\"><a class=\"socials-item\" target=\"_blank\" href=\"https:\/\/www.facebook.com\/jpacademy.gov.mk\/\" style=\"color: #97a2aa;\"><i class=\"socials-item-icon facebook\" style=\"font-size: 32px\"><\/i><\/a><\/div><div class=\"clearboth\"><\/div><style>#thegem-divider-69d4d18a53be7 {margin-top: 85px !important;}<\/style><div id=\"thegem-divider-69d4d18a53be7\" class=\"gem-divider  \" style=\"\" ><\/div>[\/vc_column][\/vc_row][vc_row full_width=&#8221;stretch_row&#8221; css=&#8221;.vc_custom_1658097899087{margin-bottom: 0px !important;background-color: #333545 !important;}&#8221; el_id=&#8221;wrapbox&#8221;][vc_column css=&#8221;.vc_custom_1563437273975{margin-top: -165px !important;margin-bottom: -230px !important;}&#8221;]<div id=\"fullwidth-block-69d4d18a53c0e\" class=\"fullwidth-block fullwidth-block-parallax-vertical clearfix\" data-mobile-parallax-enable=\"0\" style=\"padding-bottom: 140px;\"><script type=\"text\/javascript\">if (typeof(gem_fix_fullwidth_position) == \"function\") { gem_fix_fullwidth_position(document.getElementById(\"fullwidth-block-69d4d18a53c0e\")); }<\/script><div class=\"fullwidth-block-inner\"><div class=\"container\"><div class=\"clearboth\"><\/div><style>#thegem-divider-69d4d18a53c4c {margin-top: 230px !important;}<\/style><div id=\"thegem-divider-69d4d18a53c4c\" class=\"gem-divider  \" style=\"\" ><\/div>[vc_column_text]<\/p>\n<div class=\"title-h4\" style=\"text-align: center;\"><span style=\"color: #ffffff;\">A kishit dashur t\u00eb ky\u00e7eni n\u00eb<\/span><\/div>\n<p>[\/vc_column_text][vc_column_text css_animation=&#8221;none&#8221;]<\/p>\n<div class=\"title-h1\" style=\"text-align: center;\"><span style=\"color: #ffffff;\">ekipin ton\u00eb?<\/span><\/div>\n<p>[\/vc_column_text]<div class=\"clearboth\"><\/div><style>#thegem-divider-69d4d18a53c64 {margin-top: 25px !important;}#thegem-divider-69d4d18a53c64 {margin-bottom: 30px !important;}<\/style><div id=\"thegem-divider-69d4d18a53c64\" class=\"gem-divider  custom-blue-divider align-center\" style=\"border-color: #00bcd4;\" ><\/div>[vc_row_inner][vc_column_inner offset=&#8221;vc_col-lg-offset-1\/5 vc_col-lg-3\/5&#8243;][vc_column_text css_animation=&#8221;none&#8221;]<\/p>\n<div class=\"styled-subtitle\" style=\"text-align: center;\"><span style=\"color: #ffffff;\">N\u00ebse i keni shkatht\u00ebsit\u00eb, ose ndoshta d\u00ebshironi vet\u00ebm t\u00eb na shkruani?<\/span><\/div>\n<p>[\/vc_column_text][\/vc_column_inner][\/vc_row_inner]<div class=\"clearboth\"><\/div><style>#thegem-divider-69d4d18a53c75 {margin-top: 65px !important;}<\/style><div id=\"thegem-divider-69d4d18a53c75\" class=\"gem-divider  \" style=\"\" ><\/div>\n<div class=\"wpcf7 no-js\" id=\"wpcf7-f1685-o3\" lang=\"en-US\" dir=\"ltr\" data-wpcf7-id=\"1685\">\n<div class=\"screen-reader-response\"><p role=\"status\" aria-live=\"polite\" aria-atomic=\"true\"><\/p> <ul><\/ul><\/div>\n<form action=\"\/sq\/wp-json\/wp\/v2\/pages\/598#wpcf7-f1685-o3\" method=\"post\" class=\"wpcf7-form init gem-contact-form-dark\" aria-label=\"Contact form\" novalidate=\"novalidate\" data-status=\"init\">\n<fieldset class=\"hidden-fields-container\"><input type=\"hidden\" name=\"_wpcf7\" value=\"1685\" \/><input type=\"hidden\" name=\"_wpcf7_version\" value=\"6.1.5\" \/><input type=\"hidden\" name=\"_wpcf7_locale\" value=\"en_US\" \/><input type=\"hidden\" name=\"_wpcf7_unit_tag\" value=\"wpcf7-f1685-o3\" \/><input type=\"hidden\" name=\"_wpcf7_container_post\" value=\"0\" \/><input type=\"hidden\" name=\"_wpcf7_posted_data_hash\" value=\"\" \/>\n<\/fieldset>\n<div>\n<p class=\"col-md-4\"><span class=\"wpcf7-form-control-wrap\" data-name=\"your-name\"><input size=\"40\" maxlength=\"400\" class=\"wpcf7-form-control wpcf7-text wpcf7-validates-as-required\" aria-required=\"true\" aria-invalid=\"false\" placeholder=\"Name*\" value=\"\" type=\"text\" name=\"your-name\" \/><\/span><\/p>\n<p class=\"col-md-4\"><span class=\"wpcf7-form-control-wrap\" data-name=\"your-email\"><input size=\"40\" maxlength=\"400\" class=\"wpcf7-form-control wpcf7-email wpcf7-validates-as-required wpcf7-text wpcf7-validates-as-email\" aria-required=\"true\" aria-invalid=\"false\" placeholder=\"Email*\" value=\"\" type=\"email\" name=\"your-email\" \/><\/span><\/p>\n\n<p class=\"col-md-12\"><span class=\"wpcf7-form-control-wrap\" data-name=\"your-message\"><textarea cols=\"40\" rows=\"10\" maxlength=\"2000\" class=\"wpcf7-form-control wpcf7-textarea wpcf7-validates-as-required\" aria-required=\"true\" aria-invalid=\"false\" placeholder=\"Message*\" name=\"your-message\"><\/textarea><\/span><\/p>\n<div class=\"gem-button-container gem-button-position-center thegem-button-69d4d18a540493500\"  ><input class=\"gem-button gem-button-size-medium gem-button-style-outline gem-button-text-weight-normal gem-button-border-2 wpcf7-form-control wpcf7-submit has-spinner gem-button-wpcf-custom\" data-ll-effect=\"drop-right-without-wrap\" style=\"border-radius: 3px;border-color: #10d7e5;color: #10d7e5;\" onmouseleave=\"this.style.borderColor='#10d7e5';this.style.backgroundColor='transparent';this.style.color='#10d7e5';\" onmouseenter=\"this.style.backgroundColor='#10d7e5';this.style.color='#222434';\" id=\"\" tabindex=\"\" type=\"submit\" value=\"Submit Message\" \/><\/div>\n<\/div><div class=\"wpcf7-response-output\" aria-hidden=\"true\"><\/div>\n<\/form>\n<\/div>\n<div class=\"clearboth\"><\/div><style>#thegem-divider-69d4d18a54093 {margin-top: 25px !important;}<\/style><div id=\"thegem-divider-69d4d18a54093\" class=\"gem-divider  \" style=\"\" ><\/div><\/div><\/div><\/div><div class=\"clearboth\"><\/div><style>#thegem-divider-69d4d18a540bc {margin-top: 85px !important;}<\/style><div id=\"thegem-divider-69d4d18a540bc\" class=\"gem-divider  \" style=\"\" ><\/div>[\/vc_column][\/vc_row]<\/p>\n<\/section>","protected":false},"excerpt":{"rendered":"<p>[vc_row full_width=&#8221;stretch_row&#8221; css=&#8221;.vc_custom_1658133686051{padding-top: 160px !important;padding-bottom: 160px !important;background-image: url(https:\/\/jpacademy.gov.mk\/wp-content\/uploads\/2019\/07\/1-6.jpg?id=604) !important;background-position: center !important;background-repeat: no-repeat !important;background-size: cover !important;}&#8221;][vc_column][vc_column_text] Karriera [\/vc_column_text][vc_column_text] Karriera [\/vc_column_text][\/vc_column][\/vc_row][vc_row css=&#8221;.vc_custom_1658097045798{margin-bottom:&#8230;<\/p>\n","protected":false},"author":1,"featured_media":0,"parent":674,"menu_order":1,"comment_status":"closed","ping_status":"closed","template":"","meta":{"footnotes":""},"class_list":["post-598","page","type-page","status-publish"],"_links":{"self":[{"href":"https:\/\/jpacademy.gov.mk\/sq\/wp-json\/wp\/v2\/pages\/598","targetHints":{"allow":["GET"]}}],"collection":[{"href":"https:\/\/jpacademy.gov.mk\/sq\/wp-json\/wp\/v2\/pages"}],"about":[{"href":"https:\/\/jpacademy.gov.mk\/sq\/wp-json\/wp\/v2\/types\/page"}],"author":[{"embeddable":true,"href":"https:\/\/jpacademy.gov.mk\/sq\/wp-json\/wp\/v2\/users\/1"}],"replies":[{"embeddable":true,"href":"https:\/\/jpacademy.gov.mk\/sq\/wp-json\/wp\/v2\/comments?post=598"}],"version-history":[{"count":64,"href":"https:\/\/jpacademy.gov.mk\/sq\/wp-json\/wp\/v2\/pages\/598\/revisions"}],"predecessor-version":[{"id":9224,"href":"https:\/\/jpacademy.gov.mk\/sq\/wp-json\/wp\/v2\/pages\/598\/revisions\/9224"}],"up":[{"embeddable":true,"href":"https:\/\/jpacademy.gov.mk\/sq\/wp-json\/wp\/v2\/pages\/674"}],"wp:attachment":[{"href":"https:\/\/jpacademy.gov.mk\/sq\/wp-json\/wp\/v2\/media?parent=598"}],"curies":[{"name":"wp","href":"https:\/\/api.w.org\/{rel}","templated":true}]}}