{"id":349,"date":"2019-07-17T07:26:59","date_gmt":"2019-07-17T07:26:59","guid":{"rendered":"http:\/\/democontent.codex-themes.com\/sites\/agency-media\/?page_id=349"},"modified":"2025-07-02T07:31:19","modified_gmt":"2025-07-02T07:31:19","slug":"about-us","status":"publish","type":"page","link":"https:\/\/jpacademy.gov.mk\/sq\/about\/about-us\/","title":{"rendered":"P\u00ebr Akademin\u00eb"},"content":{"rendered":"<section class=\"wpb-content-wrapper\"><p>[vc_row full_width=&#8221;stretch_row&#8221; css=&#8221;.vc_custom_1744093419588{padding-top: 160px !important;padding-bottom: 160px !important;background-image: url(https:\/\/jpacademy.gov.mk\/wp-content\/uploads\/2025\/04\/128-scaled.jpg?id=9141) !important;background-position: center !important;background-repeat: no-repeat !important;background-size: cover !important;}&#8221;][vc_column][vc_column_text]<\/p>\n<div class=\"title-h1\" style=\"text-align: center;\"><span style=\"color: #ffffff;\">Kush jemi ne<\/span><\/div>\n<p>[\/vc_column_text][vc_column_text]<\/p>\n<p style=\"text-align: center;\"><span style=\"color: #ffffff;\">Akademi e nderuar gjyq\u00ebsore e cila ka rolin ky\u00e7 n\u00eb krijimin e profileve evropiane t\u00eb gjykat\u00ebsve dhe prokuror\u00ebve publik<\/span><\/p>\n<p>[\/vc_column_text][\/vc_column][\/vc_row][vc_row equal_height=&#8221;yes&#8221;][vc_column]<div class=\"clearboth\"><\/div><style>#thegem-divider-69d2227738e68 {margin-top: 45px !important;}<\/style><div id=\"thegem-divider-69d2227738e68\" class=\"gem-divider  \" style=\"\" ><\/div>[vc_row_inner disable_custom_paddings_tablet=&#8221;true&#8221; disable_custom_paddings_mobile=&#8221;true&#8221; css=&#8221;.vc_custom_1658086182853{margin-bottom: 0px !important;background-image: url(https:\/\/new.jpacademy.gov.mk\/wp-content\/uploads\/2022\/07\/academy_about_15years.jpg?id=1650) !important;background-position: 0 0 !important;background-repeat: no-repeat !important;}&#8221; el_class=&#8221;bg-left-bottom&#8221;][vc_column_inner disable_custom_paddings_tablet=&#8221;true&#8221; disable_custom_paddings_mobile=&#8221;true&#8221; css=&#8221;.vc_custom_1563361073837{padding-top: 0px !important;}&#8221; offset=&#8221;vc_col-md-6&#8243;][vc_column_text]<\/p>\n<div class=\"title-h2\">Historiati i Akademis\u00eb<\/div>\n<p>[\/vc_column_text]<div class=\"clearboth\"><\/div><style>#thegem-divider-69d2227738e83 {margin-top: 25px !important;}#thegem-divider-69d2227738e83 {margin-bottom: 30px !important;}<\/style><div id=\"thegem-divider-69d2227738e83\" class=\"gem-divider  custom-blue-divider\" style=\"border-color: #00bcd4;\" ><\/div>[vc_column_text]Akademia p\u00ebr gjykat\u00ebs dhe prokuror\u00eb publik \u00ebsht\u00eb nj\u00eb institucion me krijimin e s\u00eb cil\u00ebs Republika e Maqedonis\u00eb b\u00ebri nj\u00eb hap t\u00eb r\u00ebnd\u00ebsish\u00ebm p\u00ebrpara, drejt inkorporimit n\u00eb gjyq\u00ebsor t\u00eb parimeve demokratike t\u00eb sundimit t\u00eb s\u00eb drejt\u00ebs dhe mbrojtjes s\u00eb t\u00eb drejtave dhe lirive themelore t\u00eb njeriut, t\u00eb inkorporuara n\u00eb dokumente t\u00eb shumta nd\u00ebrkomb\u00ebtare p\u00ebr nj\u00eb gjyq\u00ebsor t\u00eb pavarur dhe efikas.[\/vc_column_text][\/vc_column_inner][vc_column_inner css=&#8221;.vc_custom_1657880020575{padding-top: 115px !important;padding-right: 70px !important;padding-bottom: 30px !important;padding-left: 70px !important;background-color: #ffffff !important;}&#8221; offset=&#8221;vc_col-md-6&#8243;][vc_column_text]Sot, pes\u00ebmb\u00ebdhjet\u00eb vite pas themelimit, Akademia p\u00ebr gjykat\u00ebs dhe prokuror\u00eb publik, n\u00ebp\u00ebrmjet trajnimit profesional q\u00eb ofron, luan nj\u00eb rol ky\u00e7 n\u00eb p\u00ebrforcimin e pavar\u00ebsis\u00eb dhe profesionalitetit t\u00eb institucioneve n\u00eb sistemin gjyq\u00ebsor dhe u ngrit n\u00eb nj\u00eb partner t\u00eb p\u00ebrgjegjsh\u00ebm dhe profesional n\u00eb bashk\u00ebpunimin e saj me institucionet dhe projektet nacionale dhe nd\u00ebrkomb\u00ebtare.[\/vc_column_text]<div class=\"clearboth\"><\/div><style>#thegem-divider-69d2227738e99 {margin-top: 45px !important;}<\/style><div id=\"thegem-divider-69d2227738e99\" class=\"gem-divider  \" style=\"\" ><\/div>[vc_column_text css=&#8221;.vc_custom_1671187569126{margin-bottom: 0px !important;}&#8221;]<\/p>\n<div class=\"title-h6\"><span class=\"light\">Akademia ka filluar me pun\u00eb<\/span><\/div>\n<p>[\/vc_column_text][vc_column_text]<\/p>\n<div class=\"title-xlarge\"><span style=\"color: #3c3950;\">2006<\/span><\/div>\n<p>[\/vc_column_text][\/vc_column_inner][vc_column_inner]<div class=\"clearboth\"><\/div><style>#thegem-divider-69d2227738ead {margin-top: 234px !important;}<\/style><div id=\"thegem-divider-69d2227738ead\" class=\"gem-divider  \" style=\"\" ><\/div>[\/vc_column_inner][\/vc_row_inner][\/vc_column][\/vc_row][vc_row equal_height=&#8221;yes&#8221;][vc_column]<div class=\"clearboth\"><\/div><style>#thegem-divider-69d2227738ec1 {margin-top: 60px !important;}<\/style><div id=\"thegem-divider-69d2227738ec1\" class=\"gem-divider  \" style=\"\" ><\/div>[vc_row_inner][vc_column_inner][vc_column_text]<\/p>\n<div class=\"title-h2\">Programi p\u00ebr pun\u00eb i Akademis\u00eb<\/div>\n<p>[\/vc_column_text]<div class=\"clearboth\"><\/div><style>#thegem-divider-69d2227738ed5 {margin-top: 25px !important;}#thegem-divider-69d2227738ed5 {margin-bottom: 30px !important;}<\/style><div id=\"thegem-divider-69d2227738ed5\" class=\"gem-divider  custom-blue-divider\" style=\"border-color: #00bcd4;\" ><\/div>[vc_column_text]<\/p>\n<div class=\"title-h4 title-h5\"><a href=\"https:\/\/jpacademy.gov.mk\/wp-content\/uploads\/2022\/08\/Programa_za_rabotata_na_ASJO_za_2022g..pdf\"><strong>Shkarko<\/strong><\/a><\/div>\n<p>[\/vc_column_text][\/vc_column_inner][\/vc_row_inner]<div class=\"clearboth\"><\/div><style>#thegem-divider-69d2227738ee8 {margin-top: 60px !important;}<\/style><div id=\"thegem-divider-69d2227738ee8\" class=\"gem-divider  \" style=\"\" ><\/div>[\/vc_column][\/vc_row][vc_row full_width=&#8221;stretch_row&#8221; equal_height=&#8221;yes&#8221; css=&#8221;.vc_custom_1563361894441{margin-bottom: 0px !important;background-color: #333545 !important;}&#8221;][vc_column]<div class=\"clearboth\"><\/div><style>#thegem-divider-69d2227738efa {margin-top: 90px !important;}<\/style><div id=\"thegem-divider-69d2227738efa\" class=\"gem-divider  \" style=\"\" ><\/div>[vc_row_inner css=&#8221;.vc_custom_1563359692780{margin-bottom: 0px !important;}&#8221;][vc_column_inner disable_custom_paddings_tablet=&#8221;true&#8221; disable_custom_paddings_mobile=&#8221;true&#8221; css=&#8221;.vc_custom_1563361091869{padding-top: 0px !important;}&#8221; offset=&#8221;vc_col-md-3&#8243;][vc_column_text]<\/p>\n<div class=\"title-h2\"><span style=\"color: #ffffff;\">Misioni<\/span><\/div>\n<p>[\/vc_column_text]<div class=\"clearboth\"><\/div><style>#thegem-divider-69d2227738f0e {margin-top: 25px !important;}#thegem-divider-69d2227738f0e {margin-bottom: 30px !important;}<\/style><div id=\"thegem-divider-69d2227738f0e\" class=\"gem-divider  custom-blue-divider\" style=\"border-color: #00bcd4;\" ><\/div>[\/vc_column_inner][vc_column_inner offset=&#8221;vc_col-md-9&#8243;][vc_column_text css=&#8221;.vc_custom_1671188186538{padding-top: 3px !important;}&#8221;]<\/p>\n<div class=\"styled-subtitle\"><span style=\"color: #ffffff;\">Misioni i Akademis\u00eb p\u00ebr gjykat\u00ebs dhe prokuror\u00eb publik, mb\u00ebshtetet n\u00eb avancimin dhe mbrojtjen e pavar\u00ebsis\u00eb, paansis\u00eb s\u00eb nj\u00eb gjyq\u00ebsori t\u00eb lart\u00eb profesional dhe efikas i cili do t\u00eb afirmoj\u00eb parimin e sundimit t\u00eb s\u00eb drejt\u00ebs dhe mbrojtjes s\u00eb t\u00eb drejtave t\u00eb njeriut. Misioni yn\u00eb \u00ebsht\u00eb krijimi i nj\u00eb sistemi gjyq\u00ebsor bashk\u00ebkohor i cili do t\u00eb bazohet n\u00eb vlerat e larta evropiane i cili do t\u00eb jet\u00eb t\u00ebr\u00ebsisht i harmonizuar me legjislativ\u00ebn evropiane, i cili do t\u00eb p\u00ebrfshij\u00eb standartet nd\u00ebrkomb\u00ebtare, e t\u00ebr\u00eb kjo me q\u00ebllim q\u00eb t\u00eb zmadhoj\u00eb besimin e qytetar\u00ebve n\u00eb institucionet gjyq\u00ebsore dhe t\u00eb siguroj\u00eb nj\u00eb qasje m\u00eb t\u00eb leht\u00eb dhe m\u00eb efikase n\u00eb drejt\u00ebsi.<\/span><\/div>\n<p>[\/vc_column_text][\/vc_column_inner][\/vc_row_inner][vc_row_inner css=&#8221;.vc_custom_1563359692780{margin-bottom: 0px !important;}&#8221;][vc_column_inner disable_custom_paddings_tablet=&#8221;true&#8221; disable_custom_paddings_mobile=&#8221;true&#8221; css=&#8221;.vc_custom_1563361091869{padding-top: 0px !important;}&#8221; offset=&#8221;vc_col-md-3&#8243;][vc_column_text]<\/p>\n<div class=\"title-h2\"><span style=\"color: #ffffff;\">Vizioni<\/span><\/div>\n<p>[\/vc_column_text]<div class=\"clearboth\"><\/div><style>#thegem-divider-69d2227738f20 {margin-top: 25px !important;}#thegem-divider-69d2227738f20 {margin-bottom: 30px !important;}<\/style><div id=\"thegem-divider-69d2227738f20\" class=\"gem-divider  custom-blue-divider\" style=\"border-color: #00bcd4;\" ><\/div>[\/vc_column_inner][vc_column_inner offset=&#8221;vc_col-md-9&#8243;][vc_column_text css=&#8221;.vc_custom_1671188124847{padding-top: 3px !important;}&#8221;]<\/p>\n<div class=\"styled-subtitle\"><span style=\"color: #ffffff;\">Vizioni yn\u00eb \u00ebsht\u00eb q\u00eb n\u00ebp\u00ebrmjet trajnimit fillestar dhe t\u00eb vazhduesh\u00ebm t\u00eb japim kontribut n\u00eb nd\u00ebrtimin e profilit evropian t\u00eb gjykat\u00ebsve dhe prokuror\u00ebve publik, por edhe n\u00eb administrat\u00ebn gjyq\u00ebsore dhe prokuroriale, me shfryt\u00ebzimin e metodave moderne p\u00ebr p\u00ebrsosm\u00ebrin\u00eb e diturive t\u00eb tyre, gjat\u00eb s\u00eb cil\u00ebs, n\u00eb vazhdim\u00ebsi sigurojm\u00eb t\u00eb gjith\u00eb mekanizmat e nevojshme dhe mjetet n\u00eb dispozicion me ndihm\u00ebn e t\u00eb cilave e drejta e Unionit Evropian dhe e drejta nd\u00ebrkomb\u00ebtare jan\u00eb leht\u00ebsisht t\u00eb kapshme p\u00ebr gjykat\u00ebsit dhe prokuror\u00ebt publik n\u00eb RMV.<\/span><\/div>\n<p>[\/vc_column_text][\/vc_column_inner][\/vc_row_inner]<div class=\"clearboth\"><\/div><style>#thegem-divider-69d2227738f56 {margin-top: 95px !important;}<\/style><div id=\"thegem-divider-69d2227738f56\" class=\"gem-divider  \" style=\"\" ><\/div>[\/vc_column][\/vc_row][vc_row full_width=&#8221;stretch_row&#8221; equal_height=&#8221;yes&#8221; css=&#8221;.vc_custom_1563361964772{margin-bottom: 0px !important;background-color: #222434 !important;}&#8221;][vc_column]<div class=\"clearboth\"><\/div><style>#thegem-divider-69d2227738f76 {margin-top: 85px !important;}<\/style><div id=\"thegem-divider-69d2227738f76\" class=\"gem-divider  \" style=\"\" ><\/div>[vc_column_text]<\/p>\n<div class=\"title-h1\" style=\"text-align: center;\"><span style=\"color: #ffffff;\">15 Vite<\/span><\/div>\n<p>[\/vc_column_text]<div class=\"clearboth\"><\/div><style>#thegem-divider-69d2227738f8b {margin-top: 25px !important;}#thegem-divider-69d2227738f8b {margin-bottom: 30px !important;}<\/style><div id=\"thegem-divider-69d2227738f8b\" class=\"gem-divider  custom-blue-divider align-center\" style=\"border-color: #00bcd4;\" ><\/div>[vc_row_inner css=&#8221;.vc_custom_1563359692780{margin-bottom: 0px !important;}&#8221;][vc_column_inner disable_custom_paddings_tablet=&#8221;true&#8221; disable_custom_paddings_mobile=&#8221;true&#8221; css=&#8221;.vc_custom_1563362212243{padding-top: 0px !important;}&#8221; offset=&#8221;vc_col-lg-offset-2 vc_col-lg-8&#8243;][vc_column_text]<\/p>\n<div class=\"styled-subtitle\" style=\"text-align: center;\"><span style=\"color: #ffffff;\">Jemi t\u00eb p\u00ebrkushtuar t\u00eb sigurojm\u00eb edukim fillestar dhe t\u00eb vazhduesh\u00ebm<\/span><\/div>\n<p>[\/vc_column_text][\/vc_column_inner][\/vc_row_inner]<div class=\"clearboth\"><\/div><style>#thegem-divider-69d2227738f9a {margin-top: 180px !important;}<\/style><div id=\"thegem-divider-69d2227738f9a\" class=\"gem-divider  \" style=\"\" ><\/div>[\/vc_column][\/vc_row][vc_row equal_height=&#8221;yes&#8221; css=&#8221;.vc_custom_1563363592381{margin-bottom: 0px !important;}&#8221; el_class=&#8221;z-index&#8221;][vc_column css=&#8221;.vc_custom_1658087307508{margin-top: -110px !important;padding-top: 0px !important;background-position: 0 0 !important;background-repeat: no-repeat !important;}&#8221;]<div class=\"gem-youtube gem-wrapbox gem-wrapbox-style-no-style rounded-corners gem-wrapbox-position-below\" style=\"width: 100%;\"><div class=\"gem-wrapbox-inner gem-ratio-style\" style=\"padding-top: 56.25%\"><iframe class=\"gem-wrapbox-element img-responsive\" width=\"100%\" height=\"300\" allowfullscreen=\"allowfullscreen\" frameborder=\"0\" scrolling=\"no\" marginheight=\"0\" marginwidth=\"0\" src=\"\/\/www.youtube.com\/embed\/6EN9jgBtSp4?rel=0&amp;wmode=opaque\"><\/iframe><\/div><\/div>[\/vc_column][\/vc_row][vc_row equal_height=&#8221;yes&#8221; disable_element=&#8221;yes&#8221; css=&#8221;.vc_custom_1658087295588{margin-bottom: 0px !important;}&#8221; el_class=&#8221;z-index&#8221;][vc_column css=&#8221;.vc_custom_1563363624077{margin-top: -110px !important;padding-top: 0px !important;background-image: url(https:\/\/new.jpacademy.gov.mk\/wp-content\/uploads\/2019\/07\/4-4.jpg?id=357) !important;background-position: 0 0 !important;background-repeat: no-repeat !important;}&#8221;]<div class=\"clearboth\"><\/div><style>#thegem-divider-69d2227738fc6 {margin-top: 260px !important;}<\/style><div id=\"thegem-divider-69d2227738fc6\" class=\"gem-divider  \" style=\"\" ><\/div>[vc_raw_html]JTNDZGl2JTIwc3R5bGUlM0QlMjIlMjB0ZXh0LWFsaWduJTNBJTIwY2VudGVyJTNCJTIyJTNFJTBBJTBBJTNDYSUyMGhyZWYlM0QlMjIlMjNsaW5rMjIlMjIlMjBjbGFzcyUzRCUyMmZhbmN5Ym94JTIwZ2VtLWljb24lMjBnZW0taWNvbi1wYWNrLW1hdGVyaWFsJTIwZ2VtLWljb24tc2l6ZS1sYXJnZSUyMGdlbS1pY29uLXNoYXBlLXNxdWFyZSUyMGdlbS1zaW1wbGUtaWNvbiUyMiUyMHN0eWxlJTNEJTIyb3BhY2l0eSUzQSUyMDElM0IlMjIlM0UlMEElMEElM0NkaXYlMjBjbGFzcyUzRCUyMmdlbS1pY29uLWlubmVyJTIyJTIwc3R5bGUlM0QlMjIlMjIlM0UlMEElM0NzcGFuJTIwY2xhc3MlM0QlMjJnZW0taWNvbi1oYWxmLTElMjIlMjBzdHlsZSUzRCUyMmNvbG9yJTNBJTIwcmdiYSUyODAlMkMxODglMkMyMTIlMkMwLjgxJTI5JTNCJTIyJTNFJTBBJTNDc3BhbiUyMGNsYXNzJTNEJTIyYmFjay1hbmdsZSUyMiUzRSVFRiU5MiU4RSUzQyUyRnNwYW4lM0UlMEElM0MlMkZzcGFuJTNFJTBBJTNDc3BhbiUyMGNsYXNzJTNEJTIyZ2VtLWljb24taGFsZi0yJTIyJTIwc3R5bGUlM0QlMjJjb2xvciUzQSUyMHJnYmElMjgwJTJDMTg4JTJDMjEyJTJDMC44MSUyOSUzQiUyMiUzRSUwQSUzQ3NwYW4lMjBjbGFzcyUzRCUyMmJhY2stYW5nbGUlMjIlM0UlRUYlOTIlOEUlM0MlMkZzcGFuJTNFJTBBJTNDJTJGc3BhbiUzRSUzQyUyRmRpdiUzRSUwQSUzQyUyRmElM0UlMEElM0MlMkZkaXYlM0UlMEElMEElM0NkaXYlMjBpZCUzRCUyMmxpbmsyMiUyMiUyMHN0eWxlJTNEJTIyZGlzcGxheSUzQSUyMG5vbmUlM0IlMjIlM0UlMEElM0NpZnJhbWUlMjBzcmMlM0QlMjJodHRwcyUzQSUyRiUyRnd3dy55b3V0dWJlLmNvbSUyRndhdGNoJTNGdiUzRDZFTjlqZ0J0U3A0JTIyJTIwd2lkdGglM0QlMjI2NDAlMjIlMjBoZWlnaHQlM0QlMjIzNjAlMjIlMjBmcmFtZWJvcmRlciUzRCUyMjAlMjIlMjBhbGxvd2Z1bGxzY3JlZW4lM0QlMjJhbGxvd2Z1bGxzY3JlZW4lMjIlM0UlMEElM0MlMkZpZnJhbWUlM0UlMEElM0MlMkZkaXYlM0UlMEElM0NkaXYlMjBzdHlsZSUzRCUyMnRleHQtYWxpZ24lM0ElMjBjZW50ZXIlM0IlMjBwYWRkaW5nLXRvcCUzQSUyMDIwcHglM0IlMjIlM0UlM0NzcGFuJTIwY2xhc3MlM0QlMjJ0aXRsZS1oNSUyMiUyMHN0eWxlJTNEJTIyY29sb3IlM0ElMjAlMjMzYzM5NTAlM0IlMjIlM0VXQVRDSCUyMFZJREVPJTNDJTJGc3BhbiUzRSUzQyUyRmRpdiUzRQ==[\/vc_raw_html]<div class=\"clearboth\"><\/div><style>#thegem-divider-69d2227738fd6 {margin-top: 260px !important;}<\/style><div id=\"thegem-divider-69d2227738fd6\" class=\"gem-divider  \" style=\"\" ><\/div>[\/vc_column][\/vc_row][vc_row equal_height=&#8221;yes&#8221; css=&#8221;.vc_custom_1563363592381{margin-bottom: 0px !important;}&#8221; el_class=&#8221;z-index&#8221;][vc_column]<div class=\"clearboth\"><\/div><style>#thegem-divider-69d2227738fe3 {margin-top: 170px !important;}<\/style><div id=\"thegem-divider-69d2227738fe3\" class=\"gem-divider  \" style=\"\" ><\/div>[\/vc_column][\/vc_row][vc_row full_width=&#8221;stretch_row&#8221; video_bg=&#8221;yes&#8221; video_bg_url=&#8221;&#8221; css=&#8221;.vc_custom_1658091741557{margin-bottom: 0px !important;background-color: #333545 !important;}&#8221;][vc_column css=&#8221;.vc_custom_1563361901579{padding-top: 0px !important;}&#8221;]<div id=\"fullwidth-block-69d2227738ff7\" class=\"fullwidth-block clearfix\"  style=\"\"><script type=\"text\/javascript\">if (typeof(gem_fix_fullwidth_position) == \"function\") { gem_fix_fullwidth_position(document.getElementById(\"fullwidth-block-69d2227738ff7\")); }<\/script><div class=\"fullwidth-block-inner\"><div class=\"container\"><div class=\"clearboth\"><\/div><style>#thegem-divider-69d2227739026 {margin-top: 85px !important;}<\/style><div id=\"thegem-divider-69d2227739026\" class=\"gem-divider  \" style=\"\" ><\/div>[vc_row_inner][vc_column_inner width=&#8221;1\/2&#8243; offset=&#8221;vc_col-md-3&#8243;]<div data-number-format=\"(ddd).ddd\" class=\"gem-counter-box row inline-row inline-row-center gem-counter-style-1 lazy-loading lazy-loading-not-hide\" ><div class=\"gem-counter col-xs-12 inline-column gem-counter-effect-simple\" ><div class=\"gem-counter-inner\"><div class=\"gem-counter-number\" style=\"color: #ffffff\"><div class=\"gem-counter-odometer\" data-to=\"1245\">0<\/div><\/div><\/div><\/div><\/div><div class=\"clearboth\"><\/div><style>#thegem-divider-69d2227739071 {margin-top: -65px !important;}<\/style><div id=\"thegem-divider-69d2227739071\" class=\"gem-divider  \" style=\"\" ><\/div>[vc_column_text]<\/p>\n<div class=\"title-h6\" style=\"text-align: center;\"><span class=\"light\" style=\"color: #ffffff;\">Kandidat\u00eb<\/span><\/div>\n<p>[\/vc_column_text][\/vc_column_inner][vc_column_inner width=&#8221;1\/2&#8243; offset=&#8221;vc_col-md-3&#8243;]<div data-number-format=\"(ddd).ddd\" class=\"gem-counter-box row inline-row inline-row-center gem-counter-style-1 lazy-loading lazy-loading-not-hide\" ><div class=\"gem-counter col-xs-12 inline-column gem-counter-effect-simple\" ><div class=\"gem-counter-inner\"><div class=\"gem-counter-number\" style=\"color: #ffffff\"><div class=\"gem-counter-odometer\" data-to=\"6541\">0<\/div><\/div><\/div><\/div><\/div><div class=\"clearboth\"><\/div><style>#thegem-divider-69d22277390b1 {margin-top: -65px !important;}<\/style><div id=\"thegem-divider-69d22277390b1\" class=\"gem-divider  \" style=\"\" ><\/div>[vc_column_text]<\/p>\n<div class=\"title-h6\" style=\"text-align: center;\"><span class=\"light\" style=\"color: #ffffff;\">Trajnime t\u00eb mbajtura<\/span><\/div>\n<p>[\/vc_column_text][\/vc_column_inner][vc_column_inner width=&#8221;1\/2&#8243; offset=&#8221;vc_col-md-3&#8243;]<div data-number-format=\"(ddd).ddd\" class=\"gem-counter-box row inline-row inline-row-center gem-counter-style-1 lazy-loading lazy-loading-not-hide\" ><div class=\"gem-counter col-xs-12 inline-column gem-counter-effect-simple\" ><div class=\"gem-counter-inner\"><div class=\"gem-counter-number\" style=\"color: #ffffff\"><div class=\"gem-counter-odometer\" data-to=\"1521\">0<\/div><\/div><\/div><\/div><\/div><div class=\"clearboth\"><\/div><style>#thegem-divider-69d22277390ee {margin-top: -65px !important;}<\/style><div id=\"thegem-divider-69d22277390ee\" class=\"gem-divider  \" style=\"\" ><\/div>[vc_column_text]<\/p>\n<div class=\"title-h6\" style=\"text-align: center;\"><span class=\"light\" style=\"color: #ffffff;\">Provime<\/span><\/div>\n<p>[\/vc_column_text][\/vc_column_inner][vc_column_inner width=&#8221;1\/2&#8243; offset=&#8221;vc_col-md-3&#8243;]<div data-number-format=\"(ddd).ddd\" class=\"gem-counter-box row inline-row inline-row-center gem-counter-style-1 lazy-loading lazy-loading-not-hide\" ><div class=\"gem-counter col-xs-12 inline-column gem-counter-effect-simple\" ><div class=\"gem-counter-inner\"><div class=\"gem-counter-number\" style=\"color: #ffffff\"><div class=\"gem-counter-odometer\" data-to=\"15\">0<\/div><\/div><\/div><\/div><\/div><div class=\"clearboth\"><\/div><style>#thegem-divider-69d222773912b {margin-top: -65px !important;}<\/style><div id=\"thegem-divider-69d222773912b\" class=\"gem-divider  \" style=\"\" ><\/div>[vc_column_text]<\/p>\n<div class=\"title-h6\" style=\"text-align: center;\"><span class=\"light\" style=\"color: #ffffff;\">Vite<\/span><\/div>\n<p>[\/vc_column_text][\/vc_column_inner][\/vc_row_inner]<div class=\"clearboth\"><\/div><style>#thegem-divider-69d2227739138 {margin-top: 85px !important;}<\/style><div id=\"thegem-divider-69d2227739138\" class=\"gem-divider  \" style=\"\" ><\/div><\/div><\/div><\/div>[\/vc_column][\/vc_row][vc_row full_width=&#8221;stretch_row&#8221; css=&#8221;.vc_custom_1658091859099{margin-bottom: 0px !important;background-color: #222434 !important;}&#8221;][vc_column css=&#8221;.vc_custom_1574408840933{margin-bottom: -130px !important;}&#8221;]<div class=\"clearboth\"><\/div><style>#thegem-divider-69d222773914a {margin-top: -70px !important;}<\/style><div id=\"thegem-divider-69d222773914a\" class=\"gem-divider  \" style=\"\" ><\/div><div id=\"fullwidth-block-69d222773915f\" class=\"fullwidth-block fullwidth-block-parallax-vertical clearfix\" data-mobile-parallax-enable=\"0\" style=\"padding-top: 116px;padding-bottom: 165px;\"><script type=\"text\/javascript\">if (typeof(gem_fix_fullwidth_position) == \"function\") { gem_fix_fullwidth_position(document.getElementById(\"fullwidth-block-69d222773915f\")); }<\/script><div class=\"fullwidth-block-inner\"><div class=\"container\"><div class=\"clearboth\"><\/div><style>#thegem-divider-69d2227739186 {margin-top: 57px !important;}<\/style><div id=\"thegem-divider-69d2227739186\" class=\"gem-divider  \" style=\"\" ><\/div>[vc_column_text css_animation=&#8221;none&#8221;]<\/p>\n<div class=\"title-h1\" style=\"text-align: center;\"><span style=\"color: #ffffff;\">ISO 9001:2015<\/span><\/div>\n<p>[\/vc_column_text]<div class=\"clearboth\"><\/div><style>#thegem-divider-69d2227739197 {margin-top: 25px !important;}#thegem-divider-69d2227739197 {margin-bottom: 30px !important;}<\/style><div id=\"thegem-divider-69d2227739197\" class=\"gem-divider  custom-blue-divider align-center\" style=\"border-color: #00bcd4;\" ><\/div>[vc_column_text css_animation=&#8221;none&#8221;]<\/p>\n<div class=\"styled-subtitle\" style=\"text-align: center;\"><span style=\"color: #ffffff;\">Organizat\u00eb me ISO \u00e7ertifikat\u00eb<\/span><\/div>\n<p>[\/vc_column_text]<div class=\"clearboth\"><\/div><style>#thegem-divider-69d22277391a3 {margin-top: 115px !important;}<\/style><div id=\"thegem-divider-69d22277391a3\" class=\"gem-divider  \" style=\"\" ><\/div>[vc_row_inner][vc_column_inner width=&#8221;1\/3&#8243;]<div class=\"centered-box gem-image-centered-box\"><div class=\"gem-image gem-wrapbox gem-wrapbox-style-default gem-wrapbox-position-centered\"  style=\"\"><div class=\"gem-wrapbox-inner \" ><img decoding=\"async\" class=\"gem-wrapbox-element img-responsive\" src=\"https:\/\/jpacademy.gov.mk\/wp-content\/uploads\/2022\/07\/iso-9001-2015.png\" alt=\"\"\/><\/div><\/div><\/div>[vc_column_text]<\/p>\n<div class=\"title-h6\" style=\"text-align: center;\"><span class=\"light\" style=\"color: #ffffff;\">ISO 9001:2015 nga 2017<\/span><\/div>\n<p>[\/vc_column_text][\/vc_column_inner][vc_column_inner width=&#8221;1\/3&#8243;]<div class=\"centered-box gem-image-centered-box\"><div class=\"gem-image gem-wrapbox gem-wrapbox-style-default gem-wrapbox-position-centered\"  style=\"\"><div class=\"gem-wrapbox-inner \" ><img decoding=\"async\" class=\"gem-wrapbox-element img-responsive\" src=\"https:\/\/jpacademy.gov.mk\/wp-content\/uploads\/2022\/07\/iso-9001-2015.png\" alt=\"\"\/><\/div><\/div><\/div>[vc_column_text]<\/p>\n<div class=\"title-h6\" style=\"text-align: center;\"><span class=\"light\" style=\"color: #ffffff;\">ISO 9001:2015 nga 2020<\/span><\/div>\n<p>[\/vc_column_text][\/vc_column_inner][vc_column_inner width=&#8221;1\/3&#8243;]<div class=\"centered-box gem-image-centered-box\"><div class=\"gem-image gem-wrapbox gem-wrapbox-style-default gem-wrapbox-position-centered\"  style=\"\"><div class=\"gem-wrapbox-inner \" ><img decoding=\"async\" class=\"gem-wrapbox-element img-responsive\" src=\"https:\/\/jpacademy.gov.mk\/wp-content\/uploads\/2022\/07\/asjo_quality.png\" alt=\"\"\/><\/div><\/div><\/div>[vc_column_text]<\/p>\n<div class=\"title-h6\" style=\"text-align: center;\"><span class=\"light\" style=\"color: #ffffff;\">Politika p\u00ebr kualitet 2021<\/span><\/div>\n<p>[\/vc_column_text][\/vc_column_inner][\/vc_row_inner][vc_column_text css=&#8221;.vc_custom_1574408422528{margin-bottom: -50px !important;}&#8221;][\/vc_column_text]<\/div><\/div><\/div>[\/vc_column][\/vc_row]<\/p>\n<\/section>","protected":false},"excerpt":{"rendered":"<p>[vc_row full_width=&#8221;stretch_row&#8221; css=&#8221;.vc_custom_1744093419588{padding-top: 160px !important;padding-bottom: 160px !important;background-image: url(https:\/\/jpacademy.gov.mk\/wp-content\/uploads\/2025\/04\/128-scaled.jpg?id=9141) !important;background-position: center !important;background-repeat: no-repeat !important;background-size: cover !important;}&#8221;][vc_column][vc_column_text] Kush jemi ne [\/vc_column_text][vc_column_text] Akademi&#8230;<\/p>\n","protected":false},"author":1,"featured_media":0,"parent":674,"menu_order":1,"comment_status":"closed","ping_status":"closed","template":"","meta":{"footnotes":""},"class_list":["post-349","page","type-page","status-publish"],"_links":{"self":[{"href":"https:\/\/jpacademy.gov.mk\/sq\/wp-json\/wp\/v2\/pages\/349","targetHints":{"allow":["GET"]}}],"collection":[{"href":"https:\/\/jpacademy.gov.mk\/sq\/wp-json\/wp\/v2\/pages"}],"about":[{"href":"https:\/\/jpacademy.gov.mk\/sq\/wp-json\/wp\/v2\/types\/page"}],"author":[{"embeddable":true,"href":"https:\/\/jpacademy.gov.mk\/sq\/wp-json\/wp\/v2\/users\/1"}],"replies":[{"embeddable":true,"href":"https:\/\/jpacademy.gov.mk\/sq\/wp-json\/wp\/v2\/comments?post=349"}],"version-history":[{"count":101,"href":"https:\/\/jpacademy.gov.mk\/sq\/wp-json\/wp\/v2\/pages\/349\/revisions"}],"predecessor-version":[{"id":9391,"href":"https:\/\/jpacademy.gov.mk\/sq\/wp-json\/wp\/v2\/pages\/349\/revisions\/9391"}],"up":[{"embeddable":true,"href":"https:\/\/jpacademy.gov.mk\/sq\/wp-json\/wp\/v2\/pages\/674"}],"wp:attachment":[{"href":"https:\/\/jpacademy.gov.mk\/sq\/wp-json\/wp\/v2\/media?parent=349"}],"curies":[{"name":"wp","href":"https:\/\/api.w.org\/{rel}","templated":true}]}}