{"id":3029,"date":"2022-10-07T08:23:25","date_gmt":"2022-10-07T08:23:25","guid":{"rendered":"https:\/\/jpacademy.gov.mk\/?page_id=3029"},"modified":"2025-12-09T13:32:55","modified_gmt":"2025-12-09T13:32:55","slug":"classified-information-security-officer","status":"publish","type":"page","link":"https:\/\/jpacademy.gov.mk\/sq\/about\/classified-information-security-officer\/","title":{"rendered":"Oficer i siguris\u00eb s\u00eb informacioneve t\u00eb klasifikuara"},"content":{"rendered":"<section class=\"wpb-content-wrapper\"><p>[vc_row full_width=&#8221;stretch_row&#8221; css=&#8221;.vc_custom_1658795300179{padding-top: 160px !important;padding-bottom: 160px !important;background-image: url(https:\/\/jpacademy.gov.mk\/wp-content\/uploads\/2022\/07\/mkd-flag.jpg?id=1890) !important;background-position: center !important;background-repeat: no-repeat !important;background-size: cover !important;}&#8221;][vc_column][vc_column_text]<\/p>\n<div class=\"title-h1\" style=\"text-align: center;\"><span style=\"color: #ffffff;\">Oficer i siguris\u00eb s\u00eb informacioneve t\u00eb klasifikuara<\/span><\/div>\n<p>[\/vc_column_text][vc_column_text]<\/p>\n<p style=\"text-align: center;\"><span style=\"color: #ffffff;\">Akademia p\u00ebr gjykat\u00ebs dhe prokuror\u00eb publik<\/span><\/p>\n<p>[\/vc_column_text][\/vc_column][\/vc_row][vc_row full_width=&#8221;stretch_row&#8221; video_bg=&#8221;yes&#8221; video_bg_url=&#8221;&#8221; css=&#8221;.vc_custom_1658836474232{margin-top: -20px !important;margin-bottom: 0px !important;background-color: #2c2e3d !important;}&#8221;][vc_column css=&#8221;.vc_custom_1563450678921{padding-top: 0px !important;}&#8221;]<div class=\"clearboth\"><\/div><style>#thegem-divider-69d21f4699d4f {margin-top: 85px !important;}<\/style><div id=\"thegem-divider-69d21f4699d4f\" class=\"gem-divider  \" style=\"\" ><\/div>[vc_row_inner disable_element=&#8221;yes&#8221;][vc_column_inner offset=&#8221;vc_col-md-5&#8243;][vc_column_text css_animation=&#8221;none&#8221;]<\/p>\n<div class=\"title-h1\"><span style=\"color: #ffffff;\">\u0414\u043e\u043c\u0430\u0448\u043d\u0438 \u0438\u043d\u0441\u0442\u0438\u0442\u0443\u0446\u0438\u0438<\/span><\/div>\n<p>[\/vc_column_text]<div class=\"clearboth\"><\/div><style>#thegem-divider-69d21f4699d5a {margin-top: 25px !important;}#thegem-divider-69d21f4699d5a {margin-bottom: 30px !important;}<\/style><div id=\"thegem-divider-69d21f4699d5a\" class=\"gem-divider  custom-blue-divider\" style=\"border-color: #00bcd4;\" ><\/div>[\/vc_column_inner][vc_column_inner offset=&#8221;vc_col-md-7&#8243;]<div class=\"clearboth\"><\/div><style>#thegem-divider-69d21f4699d63 {margin-top: 5px !important;}<\/style><div id=\"thegem-divider-69d21f4699d63\" class=\"gem-divider  \" style=\"\" ><\/div>[\/vc_column_inner][\/vc_row_inner][vc_row_inner equal_height=&#8221;yes&#8221;][vc_column_inner][vc_column_text]<span class=\"styled-subtitle\" style=\"color: #ffffff;\">N\u00eb pajtim me nenin 8 t\u00eb Ligjit mbi qasje t\u00eb lir\u00eb tek informatat me karakter publik (Gazeta zyrtare n\u00eb RMV nr.101\/209) p\u00ebr personin zyrtar i cili do t\u00eb nd\u00ebrmjet\u00ebsoj\u00eb dhe do t\u00eb ofroj\u00eb ndihm\u00eb gjat\u00eb ushtrimit t\u00eb s\u00eb drejt\u00ebs p\u00ebr qasje t\u00eb lir\u00eb deri tek informatat me karakter publik, drejtoresha e Akademis\u00eb p\u00ebr gjykat\u00ebs dhe prokuror\u00eb publik \u201ePavell Shatev\u201c p\u00ebrcakton personin:<\/span><\/p>\n<p><span class=\"styled-subtitle\" style=\"color: #ffffff;\">M-r Sanja Pandilov, k\u00ebshilltare shtet\u00ebrore<\/span><\/p>\n<p><span class=\"styled-subtitle\" style=\"color: #ffffff;\">Nr.fiks: 022401577<\/span><\/p>\n<p><span class=\"styled-subtitle\" style=\"color: #ffffff;\">Nr.celular: +38975203897<\/span><\/p>\n<p><span class=\"styled-subtitle\" style=\"color: #ffffff;\">Posta elektronike: <a href=\"mailto:sanja.pandilov@jpacademy.gov.m\u043a\">sanja.pandilov@jpacademy.gov.m\u043a<\/a><\/span>[\/vc_column_text][\/vc_column_inner][\/vc_row_inner]<div class=\"clearboth\"><\/div><style>#thegem-divider-69d21f4699d6b {margin-top: 100px !important;}<\/style><div id=\"thegem-divider-69d21f4699d6b\" class=\"gem-divider  \" style=\"\" ><\/div>[\/vc_column][\/vc_row]<\/p>\n<\/section>","protected":false},"excerpt":{"rendered":"<p>[vc_row full_width=&#8221;stretch_row&#8221; css=&#8221;.vc_custom_1658795300179{padding-top: 160px !important;padding-bottom: 160px !important;background-image: url(https:\/\/jpacademy.gov.mk\/wp-content\/uploads\/2022\/07\/mkd-flag.jpg?id=1890) !important;background-position: center !important;background-repeat: no-repeat !important;background-size: cover !important;}&#8221;][vc_column][vc_column_text] Oficer i siguris\u00eb s\u00eb informacioneve&#8230;<\/p>\n","protected":false},"author":1,"featured_media":0,"parent":674,"menu_order":1,"comment_status":"closed","ping_status":"closed","template":"","meta":{"footnotes":""},"class_list":["post-3029","page","type-page","status-publish"],"_links":{"self":[{"href":"https:\/\/jpacademy.gov.mk\/sq\/wp-json\/wp\/v2\/pages\/3029","targetHints":{"allow":["GET"]}}],"collection":[{"href":"https:\/\/jpacademy.gov.mk\/sq\/wp-json\/wp\/v2\/pages"}],"about":[{"href":"https:\/\/jpacademy.gov.mk\/sq\/wp-json\/wp\/v2\/types\/page"}],"author":[{"embeddable":true,"href":"https:\/\/jpacademy.gov.mk\/sq\/wp-json\/wp\/v2\/users\/1"}],"replies":[{"embeddable":true,"href":"https:\/\/jpacademy.gov.mk\/sq\/wp-json\/wp\/v2\/comments?post=3029"}],"version-history":[{"count":11,"href":"https:\/\/jpacademy.gov.mk\/sq\/wp-json\/wp\/v2\/pages\/3029\/revisions"}],"predecessor-version":[{"id":9844,"href":"https:\/\/jpacademy.gov.mk\/sq\/wp-json\/wp\/v2\/pages\/3029\/revisions\/9844"}],"up":[{"embeddable":true,"href":"https:\/\/jpacademy.gov.mk\/sq\/wp-json\/wp\/v2\/pages\/674"}],"wp:attachment":[{"href":"https:\/\/jpacademy.gov.mk\/sq\/wp-json\/wp\/v2\/media?parent=3029"}],"curies":[{"name":"wp","href":"https:\/\/api.w.org\/{rel}","templated":true}]}}