{"id":2426,"date":"2022-08-28T23:53:37","date_gmt":"2022-08-28T23:53:37","guid":{"rendered":"https:\/\/jpacademy.gov.mk\/?page_id=2426"},"modified":"2026-04-03T11:42:22","modified_gmt":"2026-04-03T11:42:22","slug":"normative-framework","status":"publish","type":"page","link":"https:\/\/jpacademy.gov.mk\/sq\/about\/normative-framework\/","title":{"rendered":"Korniza Normative"},"content":{"rendered":"<section class=\"wpb-content-wrapper\"><p>[vc_row full_width=&#8221;stretch_row&#8221; css=&#8221;.vc_custom_1658795300179{padding-top: 160px !important;padding-bottom: 160px !important;background-image: url(https:\/\/jpacademy.gov.mk\/wp-content\/uploads\/2022\/07\/mkd-flag.jpg?id=1890) !important;background-position: center !important;background-repeat: no-repeat !important;background-size: cover !important;}&#8221;][vc_column][vc_column_text]<\/p>\n<div class=\"title-h1\" style=\"text-align: center;\"><span style=\"color: #ffffff;\">Korniza Normative<\/span><\/div>\n<p>[\/vc_column_text][vc_column_text]<\/p>\n<p style=\"text-align: center;\"><span style=\"color: #ffffff;\">Ligje, Statute dhe Akte N\u00ebnligjore<\/span><\/p>\n<p>[\/vc_column_text][\/vc_column][\/vc_row][vc_row full_width=&#8221;stretch_row&#8221; video_bg=&#8221;yes&#8221; video_bg_url=&#8221;&#8221; css=&#8221;.vc_custom_1658836474232{margin-top: -20px !important;margin-bottom: 0px !important;background-color: #2c2e3d !important;}&#8221;][vc_column css=&#8221;.vc_custom_1563450678921{padding-top: 0px !important;}&#8221;]<div class=\"clearboth\"><\/div><style>#thegem-divider-69d1faebb2a5c {margin-top: 85px !important;}<\/style><div id=\"thegem-divider-69d1faebb2a5c\" class=\"gem-divider  \" style=\"\" ><\/div>[vc_row_inner][vc_column_inner][vc_column_text css_animation=&#8221;none&#8221;]<\/p>\n<div class=\"title-h1\"><span style=\"color: #ffffff;\">Ligji p\u00ebr AGJPP<\/span><\/div>\n<p>[\/vc_column_text]<div class=\"clearboth\"><\/div><style>#thegem-divider-69d1faebb2a6a {margin-top: 25px !important;}#thegem-divider-69d1faebb2a6a {margin-bottom: 30px !important;}<\/style><div id=\"thegem-divider-69d1faebb2a6a\" class=\"gem-divider  custom-blue-divider\" style=\"border-color: #00bcd4;\" ><\/div>[\/vc_column_inner][\/vc_row_inner][vc_row_inner equal_height=&#8221;yes&#8221;][vc_column_inner]<div class=\"gem-list gem-list-type-check-style-2 gem-list-color-3\" ><ul>\n<li class=\"styled-subtitle\" style=\"color: #99a9b5;\"><span style=\"color: #ffffff;\"><a style=\"color: #ffffff;\" href=\"https:\/\/jpacademy.gov.mk\/wp-content\/uploads\/2023\/06\/Ligji-per-Akademine-per-gjykates-dhe-prokurore-publik.pdf\">Ligji p\u00ebr Akademin\u00eb p\u00ebr gjykat\u00ebs dhe prokuror\u00eb publik<\/a><\/span><\/li>\n<\/ul>\n<\/div>[\/vc_column_inner][\/vc_row_inner]<div class=\"clearboth\"><\/div><style>#thegem-divider-69d1faebb2a99 {margin-top: 100px !important;}<\/style><div id=\"thegem-divider-69d1faebb2a99\" class=\"gem-divider  \" style=\"\" ><\/div>[\/vc_column][\/vc_row][vc_row full_width=&#8221;stretch_row&#8221; video_bg=&#8221;yes&#8221; video_bg_url=&#8221;&#8221; css=&#8221;.vc_custom_1661731399659{margin-top: -20px !important;margin-bottom: 0px !important;background-color: #222434 !important;}&#8221;][vc_column css=&#8221;.vc_custom_1563450678921{padding-top: 0px !important;}&#8221;]<div class=\"clearboth\"><\/div><style>#thegem-divider-69d1faebb2aa5 {margin-top: 85px !important;}<\/style><div id=\"thegem-divider-69d1faebb2aa5\" class=\"gem-divider  \" style=\"\" ><\/div>[vc_row_inner][vc_column_inner][vc_column_text css_animation=&#8221;none&#8221;]<\/p>\n<div class=\"title-h1\"><span style=\"color: #ffffff;\">Statuti i Akademis\u00eb<\/span><\/div>\n<p>[\/vc_column_text]<div class=\"clearboth\"><\/div><style>#thegem-divider-69d1faebb2ab0 {margin-top: 25px !important;}#thegem-divider-69d1faebb2ab0 {margin-bottom: 30px !important;}<\/style><div id=\"thegem-divider-69d1faebb2ab0\" class=\"gem-divider  custom-blue-divider\" style=\"border-color: #00bcd4;\" ><\/div>[\/vc_column_inner][\/vc_row_inner][vc_row_inner equal_height=&#8221;yes&#8221;][vc_column_inner]<div class=\"gem-list gem-list-type-check-style-2 gem-list-color-3\" ><ul>\n<li class=\"styled-subtitle\" style=\"color: #99a9b5;\"><a href=\"https:\/\/jpacademy.gov.mk\/wp-content\/uploads\/2022\/08\/Statut_na_ASJO_2015_07042015.pdf\"><span style=\"color: #ffffff;\">\u0421\u0442\u0430\u0442\u0443\u0442 \u043d\u0430 \u0410\u043a\u0430\u0434\u0435\u043c\u0438\u0458\u0430\u0442\u0430 (\u0421\u043b\u0443\u0436\u0431\u0435\u043d \u0432\u0435\u0441\u043d\u0438\u043a \u043d\u0430 \u0420\u041c, \u0431\u0440. 56 \u043e\u0434 7.04.2015 \u0433\u043e\u0434\u0438\u043d\u0430)<\/span><\/a><\/li>\n<li class=\"styled-subtitle\" style=\"color: #99a9b5;\"><a href=\"https:\/\/jpacademy.gov.mk\/wp-content\/uploads\/2022\/08\/Izmena_na_statut_2018.pdf\"><span style=\"color: #ffffff;\">\u0421\u0442\u0430\u0442\u0443\u0442\u0430\u0440\u043d\u0430 \u043e\u0434\u043b\u0443\u043a\u0430 \u0437\u0430 \u0438\u0437\u043c\u0435\u043d\u0443\u0432\u0430\u045a\u0435 \u0438 \u0434\u043e\u043f\u043e\u043b\u043d\u0443\u0432\u0430\u045a\u0435 \u043d\u0430 \u0421\u0442\u0430\u0442\u0443\u0442\u043e\u0442 \u043e\u0434 2018<\/span><\/a><\/li>\n<li class=\"styled-subtitle\" style=\"color: #99a9b5;\"><a href=\"https:\/\/jpacademy.gov.mk\/wp-content\/uploads\/2022\/08\/Izmena_na_statut_2019.pdf\"><span style=\"color: #ffffff;\">\u0421\u0442\u0430\u0442\u0443\u0442\u0430\u0440\u043d\u0430 \u043e\u0434\u043b\u0443\u043a\u0430 \u0437\u0430 \u0438\u0437\u043c\u0435\u043d\u0443\u0432\u0430\u045a\u0435 \u0438 \u0434\u043e\u043f\u043e\u043b\u043d\u0443\u0432\u0430\u045a\u0435 \u043d\u0430 \u0421\u0442\u0430\u0442\u0443\u0442\u043e\u0442 \u043e\u0434 2019<\/span><\/a><\/li>\n<li class=\"styled-subtitle\" style=\"color: #99a9b5;\"><a href=\"https:\/\/jpacademy.gov.mk\/wp-content\/uploads\/2022\/08\/Statut_na_ASJO_precisten_tekst.pdf\"><span style=\"color: #ffffff;\">\u0421\u0442\u0430\u0442\u0443\u0442 \u043d\u0430 \u0410\u043a\u0430\u0434\u0435\u043c\u0438\u0458\u0430\u0442\u0430 (\u043f\u0440\u0435\u0447\u0438\u0441\u0442\u0435\u043d \u0442\u0435\u043a\u0441\u0442)<\/span><\/a><\/li>\n<\/ul>\n<\/div>[\/vc_column_inner][\/vc_row_inner]<div class=\"clearboth\"><\/div><style>#thegem-divider-69d1faebb2af1 {margin-top: 100px !important;}<\/style><div id=\"thegem-divider-69d1faebb2af1\" class=\"gem-divider  \" style=\"\" ><\/div>[\/vc_column][\/vc_row]<\/p>\n<\/section>","protected":false},"excerpt":{"rendered":"<p>[vc_row full_width=&#8221;stretch_row&#8221; css=&#8221;.vc_custom_1658795300179{padding-top: 160px !important;padding-bottom: 160px !important;background-image: url(https:\/\/jpacademy.gov.mk\/wp-content\/uploads\/2022\/07\/mkd-flag.jpg?id=1890) !important;background-position: center !important;background-repeat: no-repeat !important;background-size: cover !important;}&#8221;][vc_column][vc_column_text] Korniza Normative [\/vc_column_text][vc_column_text] Ligje, Statute&#8230;<\/p>\n","protected":false},"author":1,"featured_media":0,"parent":674,"menu_order":1,"comment_status":"closed","ping_status":"closed","template":"","meta":{"footnotes":""},"class_list":["post-2426","page","type-page","status-publish"],"_links":{"self":[{"href":"https:\/\/jpacademy.gov.mk\/sq\/wp-json\/wp\/v2\/pages\/2426","targetHints":{"allow":["GET"]}}],"collection":[{"href":"https:\/\/jpacademy.gov.mk\/sq\/wp-json\/wp\/v2\/pages"}],"about":[{"href":"https:\/\/jpacademy.gov.mk\/sq\/wp-json\/wp\/v2\/types\/page"}],"author":[{"embeddable":true,"href":"https:\/\/jpacademy.gov.mk\/sq\/wp-json\/wp\/v2\/users\/1"}],"replies":[{"embeddable":true,"href":"https:\/\/jpacademy.gov.mk\/sq\/wp-json\/wp\/v2\/comments?post=2426"}],"version-history":[{"count":53,"href":"https:\/\/jpacademy.gov.mk\/sq\/wp-json\/wp\/v2\/pages\/2426\/revisions"}],"predecessor-version":[{"id":10166,"href":"https:\/\/jpacademy.gov.mk\/sq\/wp-json\/wp\/v2\/pages\/2426\/revisions\/10166"}],"up":[{"embeddable":true,"href":"https:\/\/jpacademy.gov.mk\/sq\/wp-json\/wp\/v2\/pages\/674"}],"wp:attachment":[{"href":"https:\/\/jpacademy.gov.mk\/sq\/wp-json\/wp\/v2\/media?parent=2426"}],"curies":[{"name":"wp","href":"https:\/\/api.w.org\/{rel}","templated":true}]}}