{"id":1884,"date":"2022-07-26T00:14:17","date_gmt":"2022-07-26T00:14:17","guid":{"rendered":"https:\/\/jpacademy.gov.mk\/?page_id=1884"},"modified":"2023-02-07T02:06:59","modified_gmt":"2023-02-07T02:06:59","slug":"cross-reference","status":"publish","type":"page","link":"https:\/\/jpacademy.gov.mk\/sq\/cross-reference\/","title":{"rendered":"Lidhje e kryq\u00ebzuar"},"content":{"rendered":"<section class=\"wpb-content-wrapper\"><p>[vc_row full_width=&#8221;stretch_row&#8221; css=&#8221;.vc_custom_1658795300179{padding-top: 160px !important;padding-bottom: 160px !important;background-image: url(https:\/\/jpacademy.gov.mk\/wp-content\/uploads\/2022\/07\/mkd-flag.jpg?id=1890) !important;background-position: center !important;background-repeat: no-repeat !important;background-size: cover !important;}&#8221;][vc_column][vc_column_text]<\/p>\n<div class=\"title-h1\" style=\"text-align: center;\"><span style=\"color: #ffffff;\">Lidhje e kryq\u00ebzuar<\/span><\/div>\n<p>[\/vc_column_text][vc_column_text]<\/p>\n<p style=\"text-align: center;\"><span style=\"color: #ffffff;\">t\u00eb an\u00ebtar\u00ebve nga legjislacioni komb\u00ebtar me an\u00ebtar\u00ebt dhe standartet e instrumenteve nd\u00ebrkomb\u00ebtare p\u00ebr mbrojtjen e t\u00eb drejtave njer\u00ebzore<\/span><\/p>\n<p>[\/vc_column_text][\/vc_column][\/vc_row][vc_row full_width=&#8221;stretch_row&#8221; video_bg=&#8221;yes&#8221; video_bg_url=&#8221;&#8221; css=&#8221;.vc_custom_1658836474232{margin-top: -20px !important;margin-bottom: 0px !important;background-color: #2c2e3d !important;}&#8221;][vc_column css=&#8221;.vc_custom_1563450678921{padding-top: 0px !important;}&#8221;]<div class=\"clearboth\"><\/div><style>#thegem-divider-69d223adc8f88 {margin-top: 85px !important;}<\/style><div id=\"thegem-divider-69d223adc8f88\" class=\"gem-divider  \" style=\"\" ><\/div>[vc_row_inner][vc_column_inner offset=&#8221;vc_col-md-5&#8243;][vc_column_text css_animation=&#8221;none&#8221;]<\/p>\n<div class=\"title-h1\"><span style=\"color: #ffffff;\">Legjistlativa komb\u00ebtare<\/span><\/div>\n<p>[\/vc_column_text]<div class=\"clearboth\"><\/div><style>#thegem-divider-69d223adc8fac {margin-top: 25px !important;}#thegem-divider-69d223adc8fac {margin-bottom: 30px !important;}<\/style><div id=\"thegem-divider-69d223adc8fac\" class=\"gem-divider  custom-blue-divider\" style=\"border-color: #00bcd4;\" ><\/div>[\/vc_column_inner][vc_column_inner offset=&#8221;vc_col-md-7&#8243;]<div class=\"clearboth\"><\/div><style>#thegem-divider-69d223adc8fc7 {margin-top: 5px !important;}<\/style><div id=\"thegem-divider-69d223adc8fc7\" class=\"gem-divider  \" style=\"\" ><\/div>[\/vc_column_inner][\/vc_row_inner][vc_row_inner equal_height=&#8221;yes&#8221;][vc_column_inner width=&#8221;1\/2&#8243;]<div class=\"gem-list gem-list-type-check-style-2 gem-list-color-3\" ><ul>\n<li class=\"styled-subtitle\" style=\"color: #99a9b5;\"><a href=\"https:\/\/jpacademy.gov.mk\/wp-content\/uploads\/2022\/08\/ustav_na_rsm.pdf\"><span style=\"color: #ffffff;\">Kushtetuta e RMV-s\u00eb<\/span><\/a><\/li>\n<li class=\"styled-subtitle\" style=\"color: #99a9b5;\"><a href=\"https:\/\/jpacademy.gov.mk\/wp-content\/uploads\/2022\/08\/zakon_za_vonparicna_postapka.pdf\"><span style=\"color: #ffffff;\">Ligji i procedur\u00ebs jomonetare<\/span><\/a><\/li>\n<li class=\"styled-subtitle\" style=\"color: #99a9b5;\"><a href=\"https:\/\/jpacademy.gov.mk\/wp-content\/uploads\/2022\/08\/zakon_za_zastita_na_svedoci.pdf\"><span style=\"color: #ffffff;\">Ligji p\u00ebr mbrojtjen e d\u00ebshmitar\u00ebve<\/span><\/a><\/li>\n<li class=\"styled-subtitle\" style=\"color: #99a9b5;\"><a href=\"https:\/\/jpacademy.gov.mk\/wp-content\/uploads\/2022\/08\/zakon_za_izvrsuvanje_na_sankciite.pdf\"><span style=\"color: #ffffff;\">Ligji p\u00ebr ekzekutimin e sanksioneve<\/span><\/a><\/li>\n<li class=\"styled-subtitle\" style=\"color: #99a9b5;\"><a href=\"https:\/\/jpacademy.gov.mk\/wp-content\/uploads\/2022\/08\/zakon_za_krivicna_postapka.pdf\"><span style=\"color: #ffffff;\">Ligji p\u00ebr procedur\u00ebn penale<\/span><\/a><\/li>\n<li class=\"styled-subtitle\" style=\"color: #99a9b5;\"><a href=\"https:\/\/jpacademy.gov.mk\/wp-content\/uploads\/2022\/08\/zakon_za_parnicna_postapka.pdf\"><span style=\"color: #ffffff;\">Ligji p\u00ebr procedur\u00ebn monetare<\/span><\/a><\/li>\n<li class=\"styled-subtitle\" style=\"color: #99a9b5;\"><a href=\"https:\/\/jpacademy.gov.mk\/wp-content\/uploads\/2022\/08\/krivicen_zakonik.pdf\"><span style=\"color: #ffffff;\">Kodi Penal<\/span><\/a><\/li>\n<\/ul>\n<\/div>[\/vc_column_inner][vc_column_inner width=&#8221;1\/2&#8243;][\/vc_column_inner][\/vc_row_inner]<div class=\"clearboth\"><\/div><style>#thegem-divider-69d223adc904c {margin-top: 100px !important;}<\/style><div id=\"thegem-divider-69d223adc904c\" class=\"gem-divider  \" style=\"\" ><\/div>[\/vc_column][\/vc_row][vc_row full_width=&#8221;stretch_row&#8221; video_bg=&#8221;yes&#8221; video_bg_url=&#8221;&#8221; css=&#8221;.vc_custom_1658794927562{margin-bottom: 0px !important;background-color: #222434 !important;}&#8221;][vc_column css=&#8221;.vc_custom_1563450678921{padding-top: 0px !important;}&#8221;]<div class=\"clearboth\"><\/div><style>#thegem-divider-69d223adc9068 {margin-top: 85px !important;}<\/style><div id=\"thegem-divider-69d223adc9068\" class=\"gem-divider  \" style=\"\" ><\/div>[vc_row_inner][vc_column_inner offset=&#8221;vc_col-md-5&#8243;][vc_column_text css_animation=&#8221;none&#8221;]<\/p>\n<div class=\"title-h1\"><span style=\"color: #ffffff;\">An\u00ebtar\u00ebt e Konvent\u00ebs<\/span><\/div>\n<p>[\/vc_column_text]<div class=\"clearboth\"><\/div><style>#thegem-divider-69d223adc9088 {margin-top: 25px !important;}#thegem-divider-69d223adc9088 {margin-bottom: 30px !important;}<\/style><div id=\"thegem-divider-69d223adc9088\" class=\"gem-divider  custom-blue-divider\" style=\"border-color: #00bcd4;\" ><\/div>[\/vc_column_inner][vc_column_inner offset=&#8221;vc_col-md-7&#8243;]<div class=\"clearboth\"><\/div><style>#thegem-divider-69d223adc90a1 {margin-top: 5px !important;}<\/style><div id=\"thegem-divider-69d223adc90a1\" class=\"gem-divider  \" style=\"\" ><\/div>[\/vc_column_inner][\/vc_row_inner][vc_row_inner][vc_column_inner width=&#8221;1\/3&#8243;]<div class=\"gem-list gem-list-type-check-style-2 gem-list-color-3\" ><ul>\n<li class=\"styled-subtitle\" style=\"color: #99a9b5;\"><a href=\"https:\/\/jpacademy.gov.mk\/cross-reference\/art-1-obligation-to-respect-human-rights\/\"><span style=\"color: #ffffff;\">Neni 1 &#8211; Detyra p\u00ebr respektimin e t\u00eb drejtave njer\u00ebzore<\/span><\/a><\/li>\n<li class=\"styled-subtitle\" style=\"color: #99a9b5;\"><a href=\"https:\/\/jpacademy.gov.mk\/cross-reference\/art-2-right-to-life\/\"><span style=\"color: #ffffff;\">Neni 2 \u2013 E drejta p\u00ebr jet\u00eb<\/span><\/a><\/li>\n<li class=\"styled-subtitle\" style=\"color: #99a9b5;\"><a href=\"https:\/\/jpacademy.gov.mk\/cross-reference\/art-3-prohibition-of-torture\/\"><span style=\"color: #ffffff;\">Neni 3 &#8211; Ndalesa e tortur\u00ebs<\/span><\/a><\/li>\n<li class=\"styled-subtitle\" style=\"color: #99a9b5;\"><a href=\"https:\/\/jpacademy.gov.mk\/cross-reference\/art-4-prohibition-of-slavery-and-forced-labour\/\"><span style=\"color: #ffffff;\">Neni 4 \u2013 Ndalesa e rob\u00ebris\u00eb dhe pun\u00ebs s\u00eb detyrueshme<\/span><\/a><\/li>\n<li class=\"styled-subtitle\" style=\"color: #99a9b5;\"><a href=\"https:\/\/jpacademy.gov.mk\/cross-reference\/art-5-right-to-liberty-and-security\/\"><span style=\"color: #ffffff;\">Neni 5 \u2013 E drejta p\u00ebr liri dhe siguri<\/span><\/a><\/li>\n<li class=\"styled-subtitle\" style=\"color: #99a9b5;\"><a href=\"https:\/\/jpacademy.gov.mk\/cross-reference\/art-6-right-to-a-fair-trial\/\"><span style=\"color: #ffffff;\">Neni 6 &#8211; E drejta p\u00ebr nj\u00eb gjykim t\u00eb drejt\u00eb<\/span><\/a><\/li>\n<li class=\"styled-subtitle\" style=\"color: #99a9b5;\"><a href=\"https:\/\/jpacademy.gov.mk\/cross-reference\/art-7-no-punishment-without-law\/\"><span style=\"color: #ffffff;\">Neni 7 \u2013 Nd\u00ebshkimi vet\u00ebm n\u00eb baz\u00eb t\u00eb ligjit<\/span><\/a><\/li>\n<li class=\"styled-subtitle\" style=\"color: #99a9b5;\"><a href=\"https:\/\/jpacademy.gov.mk\/cross-reference\/art-8-right-to-respect-for-private-and-family-life\/\"><span style=\"color: #ffffff;\">Neni 8 \u2013 E drejta p\u00ebr respektimin e jet\u00ebs private dhe familjare<\/span><\/a><\/li>\n<li class=\"styled-subtitle\" style=\"color: #99a9b5;\"><a href=\"https:\/\/jpacademy.gov.mk\/cross-reference\/art-9-freedom-of-thought-conscience-and-religion\/\"><span style=\"color: #ffffff;\">Neni 9 \u2013 Liria e mendimit, nd\u00ebrgjegjes dhe religjionit<\/span><\/a><\/li>\n<li class=\"styled-subtitle\" style=\"color: #99a9b5;\"><a href=\"https:\/\/jpacademy.gov.mk\/cross-reference\/art-10-freedom-of-expression\/\"><span style=\"color: #ffffff;\">Neni 10 \u2013 Liria e t\u00eb shprehurit<\/span><\/a><\/li>\n<li class=\"styled-subtitle\" style=\"color: #99a9b5;\"><a href=\"https:\/\/jpacademy.gov.mk\/cross-reference\/art-11-freedom-of-assembly-and-association\/\"><span style=\"color: #ffffff;\">Neni 11 \u2013 Liria p\u00ebr p\u00ebrmbledhje dhe shoq\u00ebri<\/span><\/a><\/li>\n<\/ul>\n<\/div>[\/vc_column_inner][vc_column_inner width=&#8221;1\/3&#8243;]<div class=\"gem-list gem-list-type-check-style-2 gem-list-color-3\" ><ul>\n<li class=\"styled-subtitle\" style=\"color: #99a9b5;\"><a href=\"https:\/\/jpacademy.gov.mk\/cross-reference\/art-12-right-to-marry\/\"><span style=\"color: #ffffff;\">Neni 12 \u2013 E drejta p\u00ebr martes\u00eb<\/span><\/a><\/li>\n<li class=\"styled-subtitle\" style=\"color: #99a9b5;\"><a href=\"https:\/\/jpacademy.gov.mk\/cross-reference\/art-13-right-to-an-effective-remedy\/\"><span style=\"color: #ffffff;\">Neni 13 \u2013 e drejta p\u00ebr mjetin juridik efektiv<\/span><\/a><\/li>\n<li class=\"styled-subtitle\" style=\"color: #99a9b5;\"><a href=\"https:\/\/jpacademy.gov.mk\/cross-reference\/art-14-prohibition-of-discrimination\/\"><span style=\"color: #ffffff;\">Neni 14 \u2013 Ndalesa p\u00ebr diskriminim<\/span><\/a><\/li>\n<li class=\"styled-subtitle\" style=\"color: #99a9b5;\"><a href=\"https:\/\/jpacademy.gov.mk\/cross-reference\/art-15-derogation-in-time-of-emergency\/\"><span style=\"color: #ffffff;\">Neni 15 \u2013 Devijimi i gjendjes s\u00eb Jasht\u00ebzakonshme<\/span><\/a><\/li>\n<li class=\"styled-subtitle\" style=\"color: #99a9b5;\"><a href=\"https:\/\/jpacademy.gov.mk\/cross-reference\/art-16-restrictions-on-political-activity-of-aliens\/\"><span style=\"color: #ffffff;\">Neni 16 \u2013 Kufizimi i aktivitetit politik t\u00eb t\u00eb huajve\u0435<\/span><\/a><\/li>\n<li class=\"styled-subtitle\" style=\"color: #99a9b5;\"><a href=\"https:\/\/jpacademy.gov.mk\/cross-reference\/art-17-prohibition-of-abuse-of-rights\/\"><span style=\"color: #ffffff;\">Neni 17 \u2013 Ndalesa p\u00ebr keqp\u00ebrdorimin e t\u00eb drejtave<\/span><\/a><\/li>\n<li class=\"styled-subtitle\" style=\"color: #99a9b5;\"><a href=\"https:\/\/jpacademy.gov.mk\/cross-reference\/art-18-limitation-on-use-of-restrictions-on-rights\/\"><span style=\"color: #ffffff;\">Neni 18 &#8211; Kufizimi i p\u00ebrdorimit t\u00eb kufizimeve t\u00eb s\u00eb drejt\u00ebs<\/span><\/a><\/li>\n<li class=\"styled-subtitle\" style=\"color: #99a9b5;\"><a href=\"https:\/\/jpacademy.gov.mk\/cross-reference\/art-25-plenary-court\/\"><span style=\"color: #ffffff;\">Neni 25 \u2013 Gjykata Plenare<\/span><\/a><\/li>\n<li class=\"styled-subtitle\" style=\"color: #99a9b5;\"><a href=\"https:\/\/jpacademy.gov.mk\/cross-reference\/art-33-inter-state-cases\/\"><span style=\"color: #ffffff;\">Neni 33 \u2013 Raste Nd\u00ebrshtet\u00ebrore<\/span><\/a><\/li>\n<li class=\"styled-subtitle\" style=\"color: #99a9b5;\"><a href=\"https:\/\/jpacademy.gov.mk\/cross-reference\/art-34-individual-applications\/\"><span style=\"color: #ffffff;\">Neni 34 \u2013 Aplikacioni Individual<\/span><\/a><\/li>\n<li class=\"styled-subtitle\" style=\"color: #99a9b5;\"><a href=\"https:\/\/jpacademy.gov.mk\/cross-reference\/art-35-admissibility-criteria\/\"><span style=\"color: #ffffff;\">Neni 35 \u2013 Kriteriumi p\u00ebr pranim<\/span><\/a><\/li>\n<\/ul>\n<\/div>[\/vc_column_inner][vc_column_inner width=&#8221;1\/3&#8243;]<div class=\"gem-list gem-list-type-check-style-2 gem-list-color-3\" ><ul>\n<li class=\"styled-subtitle\" style=\"color: #99a9b5;\"><a href=\"https:\/\/jpacademy.gov.mk\/cross-reference\/art-37-striking-out-applications\/\"><span style=\"color: #ffffff;\">Neni 37 \u2013 Refuzimi i ankesave<\/span><\/a><\/li>\n<li class=\"styled-subtitle\" style=\"color: #99a9b5;\"><a href=\"https:\/\/jpacademy.gov.mk\/cross-reference\/art-38-examination-of-the-case\/\"><span style=\"color: #ffffff;\">Neni 38 \u2013 Mbik\u00ebqyrje t\u00eb rastit<\/span><\/a><\/li>\n<li class=\"styled-subtitle\" style=\"color: #99a9b5;\"><a href=\"https:\/\/jpacademy.gov.mk\/cross-reference\/art-41-just-satisfaction\/\"><span style=\"color: #ffffff;\">Neni 41 &#8211; K\u00ebnaq\u00ebsia juriste<\/span><\/a><\/li>\n<li class=\"styled-subtitle\" style=\"color: #99a9b5;\"><a href=\"https:\/\/jpacademy.gov.mk\/cross-reference\/art-46-binding-force-and-execution-of-judgments\/\"><span style=\"color: #ffffff;\">Neni 46 \u2013 Detyrimi dhe ekzekutimi i Aktgjykimeve<\/span><\/a><\/li>\n<li class=\"styled-subtitle\" style=\"color: #99a9b5;\"><span style=\"color: #ffffff;\">Protokoli 1<\/span><\/li>\n<li class=\"styled-subtitle\" style=\"color: #99a9b5;\"><span style=\"color: #ffffff;\">Protokoli 4<\/span><\/li>\n<li class=\"styled-subtitle\" style=\"color: #99a9b5;\"><span style=\"color: #ffffff;\">Protokoli 6<\/span><\/li>\n<li class=\"styled-subtitle\" style=\"color: #99a9b5;\"><span style=\"color: #ffffff;\">Protokoli 7<\/span><\/li>\n<li class=\"styled-subtitle\" style=\"color: #99a9b5;\"><span style=\"color: #ffffff;\">Protokoli 12<\/span><\/li>\n<li class=\"styled-subtitle\" style=\"color: #99a9b5;\"><span style=\"color: #ffffff;\">Protokoli 16<\/span><\/li>\n<\/ul>\n<\/div>[\/vc_column_inner][\/vc_row_inner]<div class=\"clearboth\"><\/div><style>#thegem-divider-69d223adc9214 {margin-top: 100px !important;}<\/style><div id=\"thegem-divider-69d223adc9214\" class=\"gem-divider  \" style=\"\" ><\/div>[\/vc_column][\/vc_row][vc_row full_width=&#8221;stretch_row&#8221; video_bg=&#8221;yes&#8221; video_bg_url=&#8221;&#8221; disable_element=&#8221;yes&#8221; css=&#8221;.vc_custom_1658837744872{margin-bottom: 0px !important;}&#8221;][vc_column css=&#8221;.vc_custom_1563450678921{padding-top: 0px !important;}&#8221;]<div class=\"clearboth\"><\/div><style>#thegem-divider-69d223adc922c {margin-top: 85px !important;}<\/style><div id=\"thegem-divider-69d223adc922c\" class=\"gem-divider  \" style=\"\" ><\/div>[vc_row_inner][vc_column_inner offset=&#8221;vc_col-md-5&#8243;][vc_column_text css_animation=&#8221;left-to-right&#8221;]<\/p>\n<div class=\"title-h1\"><span style=\"color: #000000;\"><span class=\"light\">\u0420\u0430\u043d\u0433<br \/>\n<\/span> \u041b\u0438\u0441\u0442\u0430<\/span><\/div>\n<p>[\/vc_column_text]<div class=\"clearboth\"><\/div><style>#thegem-divider-69d223adc924e {margin-top: 25px !important;}#thegem-divider-69d223adc924e {margin-bottom: 30px !important;}<\/style><div id=\"thegem-divider-69d223adc924e\" class=\"gem-divider  custom-blue-divider\" style=\"border-color: #00bcd4;\" ><\/div>[\/vc_column_inner][vc_column_inner offset=&#8221;vc_col-md-7&#8243;]<div class=\"clearboth\"><\/div><style>#thegem-divider-69d223adc9266 {margin-top: 5px !important;}<\/style><div id=\"thegem-divider-69d223adc9266\" class=\"gem-divider  \" style=\"\" ><\/div>[\/vc_column_inner][\/vc_row_inner][vc_row_inner][vc_column_inner offset=&#8221;vc_col-md-4&#8243;]<div class=\"gem-list gem-list-type-check-style-2 gem-list-color-3\" ><ul>\n<li class=\"styled-subtitle\" style=\"color: #99a9b5;\"><span style=\"color: #000000;\">\u041f\u0440\u0435\u043b\u0438\u043c\u0438\u043d\u0430\u0440\u043d\u0430 \u0440\u0430\u043d\u0433 \u043b\u0438\u0441\u0442\u0430 \u043d\u0430 \u043a\u0430\u043d\u0434\u0438\u0434\u0430\u0442\u0438 \u0437\u0430 \u0441\u0443\u0434\u0438\u0438 \u0438 \u0458\u0430\u0432\u043d\u0438 \u043e\u0431\u0432\u0438\u043d\u0438\u0442\u0435\u043b\u0438<\/span><\/li>\n<li class=\"styled-subtitle\" style=\"color: #99a9b5;\"><span style=\"color: #000000;\">\u041a\u043e\u043d\u0435\u0447\u043d\u0430 \u0440\u0430\u043d\u0433 \u043b\u0438\u0441\u0442\u0430 \u043d\u0430 \u043a\u0430\u043d\u0434\u0438\u0434\u0430\u0442\u0438 \u0437\u0430 \u0441\u0443\u0434\u0438\u0438 \u0438 \u0458\u0430\u0432\u043d\u0438 \u043e\u0431\u0432\u0438\u043d\u0438\u0442\u0435\u043b\u0438<\/span><\/li>\n<\/ul>\n<\/div>[\/vc_column_inner][vc_column_inner offset=&#8221;vc_col-md-8 vc_hidden-sm vc_hidden-xs&#8221;]<div class=\"centered-box gem-image-centered-box\"><div class=\"gem-image gem-wrapbox gem-wrapbox-style-default gem-wrapbox-position-centered lazy-loading\"  style=\"\"><div class=\"gem-wrapbox-inner  lazy-loading-item\"  data-ll-effect=\"move-up\"><img decoding=\"async\" class=\"gem-wrapbox-element img-responsive\" src=\"https:\/\/jpacademy.gov.mk\/wp-content\/uploads\/2019\/07\/2.png\" alt=\"\"\/><\/div><\/div><\/div>[\/vc_column_inner][\/vc_row_inner]<div class=\"clearboth\"><\/div><style>#thegem-divider-69d223adc9326 {margin-top: 100px !important;}<\/style><div id=\"thegem-divider-69d223adc9326\" class=\"gem-divider  \" style=\"\" ><\/div>[\/vc_column][\/vc_row][vc_row full_width=&#8221;stretch_row&#8221; video_bg=&#8221;yes&#8221; video_bg_url=&#8221;&#8221; disable_element=&#8221;yes&#8221; css=&#8221;.vc_custom_1658837737561{margin-bottom: 0px !important;}&#8221;][vc_column css=&#8221;.vc_custom_1563450678921{padding-top: 0px !important;}&#8221;]<div class=\"clearboth\"><\/div><style>#thegem-divider-69d223adc933b {margin-top: 85px !important;}<\/style><div id=\"thegem-divider-69d223adc933b\" class=\"gem-divider  \" style=\"\" ><\/div>[vc_row_inner][vc_column_inner][vc_column_text css_animation=&#8221;left-to-right&#8221;]<\/p>\n<div class=\"title-h1\"><span style=\"color: #000000;\">\u0417\u0430\u0432\u0440\u0448\u0435\u043d\u0430 \u043b\u0438\u0441\u0442\u0430 \u043d\u0430 \u043a\u0430\u043d\u0434\u0438\u0434\u0430\u0442\u0438 \u0437\u0430 \u043f\u043e\u0447\u0435\u0442\u043d\u0430 \u043e\u0431\u0443\u043a\u0430<\/span><\/div>\n<p>[\/vc_column_text]<div class=\"clearboth\"><\/div><style>#thegem-divider-69d223adc9350 {margin-top: 25px !important;}#thegem-divider-69d223adc9350 {margin-bottom: 30px !important;}<\/style><div id=\"thegem-divider-69d223adc9350\" class=\"gem-divider  custom-blue-divider\" style=\"border-color: #00bcd4;\" ><\/div>[\/vc_column_inner][\/vc_row_inner][vc_row_inner][vc_column_inner width=&#8221;1\/2&#8243;]<div class=\"gem-list gem-list-type-check-style-2 gem-list-color-3\" ><ul>\n<li class=\"styled-subtitle\" style=\"color: #99a9b5;\"><span style=\"color: #000000;\">\u0413\u0435\u043d\u0435\u0440\u0430\u0446\u0438\u0458\u0430 1<\/span><\/li>\n<li class=\"styled-subtitle\" style=\"color: #99a9b5;\"><span style=\"color: #000000;\">\u0413\u0435\u043d\u0435\u0440\u0430\u0446\u0438\u0458\u0430 2<\/span><\/li>\n<li class=\"styled-subtitle\" style=\"color: #99a9b5;\"><span style=\"color: #000000;\">\u0413\u0435\u043d\u0435\u0440\u0430\u0446\u0438\u0458\u0430 3<\/span><\/li>\n<li class=\"styled-subtitle\" style=\"color: #99a9b5;\"><span style=\"color: #000000;\">\u0413\u0435\u043d\u0435\u0440\u0430\u0446\u0438\u0458\u0430 4<\/span><\/li>\n<\/ul>\n<\/div>[\/vc_column_inner][vc_column_inner width=&#8221;1\/2&#8243;]<div class=\"gem-list gem-list-type-check-style-2 gem-list-color-3\" ><ul>\n<li class=\"styled-subtitle\" style=\"color: #99a9b5;\"><span style=\"color: #000000;\">\u0413\u0435\u043d\u0435\u0440\u0430\u0446\u0438\u0458\u0430 5<\/span><\/li>\n<li class=\"styled-subtitle\" style=\"color: #99a9b5;\"><span style=\"color: #000000;\">\u0413\u0435\u043d\u0435\u0440\u0430\u0446\u0438\u0458\u0430 6<\/span><\/li>\n<li class=\"styled-subtitle\" style=\"color: #99a9b5;\"><span style=\"color: #000000;\">\u0413\u0435\u043d\u0435\u0440\u0430\u0446\u0438\u0458\u0430 7<\/span><\/li>\n<li class=\"styled-subtitle\" style=\"color: #99a9b5;\"><span style=\"color: #000000;\">\u0413\u0435\u043d\u0435\u0440\u0430\u0446\u0438\u0458\u0430 8<\/span><\/li>\n<\/ul>\n<\/div>[\/vc_column_inner][\/vc_row_inner]<div class=\"clearboth\"><\/div><style>#thegem-divider-69d223adc93f7 {margin-top: 100px !important;}<\/style><div id=\"thegem-divider-69d223adc93f7\" class=\"gem-divider  \" style=\"\" ><\/div>[\/vc_column][\/vc_row]<\/p>\n<\/section>","protected":false},"excerpt":{"rendered":"<p>[vc_row full_width=&#8221;stretch_row&#8221; css=&#8221;.vc_custom_1658795300179{padding-top: 160px !important;padding-bottom: 160px !important;background-image: url(https:\/\/jpacademy.gov.mk\/wp-content\/uploads\/2022\/07\/mkd-flag.jpg?id=1890) !important;background-position: center !important;background-repeat: no-repeat !important;background-size: cover !important;}&#8221;][vc_column][vc_column_text] Lidhje e kryq\u00ebzuar [\/vc_column_text][vc_column_text] t\u00eb&#8230;<\/p>\n","protected":false},"author":1,"featured_media":0,"parent":0,"menu_order":100,"comment_status":"closed","ping_status":"closed","template":"","meta":{"footnotes":""},"class_list":["post-1884","page","type-page","status-publish"],"_links":{"self":[{"href":"https:\/\/jpacademy.gov.mk\/sq\/wp-json\/wp\/v2\/pages\/1884","targetHints":{"allow":["GET"]}}],"collection":[{"href":"https:\/\/jpacademy.gov.mk\/sq\/wp-json\/wp\/v2\/pages"}],"about":[{"href":"https:\/\/jpacademy.gov.mk\/sq\/wp-json\/wp\/v2\/types\/page"}],"author":[{"embeddable":true,"href":"https:\/\/jpacademy.gov.mk\/sq\/wp-json\/wp\/v2\/users\/1"}],"replies":[{"embeddable":true,"href":"https:\/\/jpacademy.gov.mk\/sq\/wp-json\/wp\/v2\/comments?post=1884"}],"version-history":[{"count":51,"href":"https:\/\/jpacademy.gov.mk\/sq\/wp-json\/wp\/v2\/pages\/1884\/revisions"}],"predecessor-version":[{"id":6178,"href":"https:\/\/jpacademy.gov.mk\/sq\/wp-json\/wp\/v2\/pages\/1884\/revisions\/6178"}],"wp:attachment":[{"href":"https:\/\/jpacademy.gov.mk\/sq\/wp-json\/wp\/v2\/media?parent=1884"}],"curies":[{"name":"wp","href":"https:\/\/api.w.org\/{rel}","templated":true}]}}