{"id":1625,"date":"2022-07-17T18:28:55","date_gmt":"2022-07-17T18:28:55","guid":{"rendered":"https:\/\/new.jpacademy.gov.mk\/?page_id=1625"},"modified":"2025-11-28T13:30:20","modified_gmt":"2025-11-28T13:30:20","slug":"continous-training","status":"publish","type":"page","link":"https:\/\/jpacademy.gov.mk\/sq\/continous-training\/","title":{"rendered":"Trajnimi i vazhduesh\u00ebm"},"content":{"rendered":"<section class=\"wpb-content-wrapper\"><p>[vc_row full_width=&#8221;stretch_row&#8221; css=&#8221;.vc_custom_1658134567075{padding-top: 160px !important;padding-bottom: 160px !important;background-image: url(https:\/\/jpacademy.gov.mk\/wp-content\/uploads\/2019\/10\/6.jpg?id=769) !important;background-position: center !important;background-repeat: no-repeat !important;background-size: cover !important;}&#8221;][vc_column][vc_column_text]<\/p>\n<div class=\"title-h1\" style=\"text-align: center;\"><span style=\"color: #ffffff;\">Trajnimi i vazhduesh\u00ebm<\/span><\/div>\n<p>[\/vc_column_text][vc_column_text]<\/p>\n<p style=\"text-align: center;\"><span style=\"color: #ffffff;\">T\u00eb p\u00ebrkryerit e aft\u00ebsive ekzistuese dhe njohurive n\u00eb fush\u00ebn e s\u00eb drejt\u00ebs<\/span><\/p>\n<p>[\/vc_column_text][\/vc_column][\/vc_row][vc_row full_width=&#8221;stretch_row&#8221; css=&#8221;.vc_custom_1658134623666{margin-top: -20px !important;margin-bottom: 0px !important;background-color: #222434 !important;}&#8221;][vc_column css=&#8221;.vc_custom_1563361901579{padding-top: 0px !important;}&#8221;]<div class=\"clearboth\"><\/div><style>#thegem-divider-69d1feeb6d417 {margin-top: 85px !important;}<\/style><div id=\"thegem-divider-69d1feeb6d417\" class=\"gem-divider  \" style=\"\" ><\/div>[vc_row_inner][vc_column_inner width=&#8221;1\/2&#8243;]<div data-number-format=\"(ddd).ddd\" class=\"gem-counter-box row inline-row inline-row-center gem-counter-style-1 lazy-loading lazy-loading-not-hide\" ><div class=\"gem-counter col-xs-12 inline-column gem-counter-effect-simple\" ><div class=\"gem-counter-inner\"><div class=\"gem-counter-number\" style=\"color: #ffffff\"><div class=\"gem-counter-odometer\" data-to=\"3318\">0<\/div><\/div><\/div><\/div><\/div><div class=\"clearboth\"><\/div><style>#thegem-divider-69d1feeb6d481 {margin-top: -65px !important;}<\/style><div id=\"thegem-divider-69d1feeb6d481\" class=\"gem-divider  \" style=\"\" ><\/div>[vc_column_text]<\/p>\n<div class=\"title-h6\" style=\"text-align: center;\"><span class=\"light\" style=\"color: #ffffff;\">trajnime t\u00eb realizuara nga viti 2006<\/span><\/div>\n<p>[\/vc_column_text][\/vc_column_inner][vc_column_inner width=&#8221;1\/2&#8243;]<div data-number-format=\"(ddd).ddd\" class=\"gem-counter-box row inline-row inline-row-center gem-counter-style-1 lazy-loading lazy-loading-not-hide\" ><div class=\"gem-counter col-xs-12 inline-column gem-counter-effect-simple\" ><div class=\"gem-counter-inner\"><div class=\"gem-counter-number\" style=\"color: #ffffff\"><div class=\"gem-counter-odometer\" data-to=\"83064\">0<\/div><\/div><\/div><\/div><\/div><div class=\"clearboth\"><\/div><style>#thegem-divider-69d1feeb6d4d9 {margin-top: -65px !important;}<\/style><div id=\"thegem-divider-69d1feeb6d4d9\" class=\"gem-divider  \" style=\"\" ><\/div>[vc_column_text]<\/p>\n<div class=\"title-h6\" style=\"text-align: center;\"><span class=\"light\" style=\"color: #ffffff;\">pjes\u00ebmarr\u00ebs<\/span><\/div>\n<p>[\/vc_column_text][\/vc_column_inner][\/vc_row_inner]<div class=\"clearboth\"><\/div><style>#thegem-divider-69d1feeb6d4ec {margin-top: 85px !important;}<\/style><div id=\"thegem-divider-69d1feeb6d4ec\" class=\"gem-divider  \" style=\"\" ><\/div>[\/vc_column][\/vc_row][vc_row full_width=&#8221;stretch_row&#8221; video_bg=&#8221;yes&#8221; video_bg_url=&#8221;&#8221; css=&#8221;.vc_custom_1658079778582{margin-bottom: 0px !important;}&#8221;][vc_column css=&#8221;.vc_custom_1563450678921{padding-top: 0px !important;}&#8221;]<div class=\"clearboth\"><\/div><style>#thegem-divider-69d1feeb6d4fb {margin-top: 85px !important;}<\/style><div id=\"thegem-divider-69d1feeb6d4fb\" class=\"gem-divider  \" style=\"\" ><\/div>[vc_row_inner][vc_column_inner offset=&#8221;vc_col-md-5&#8243;][vc_column_text css_animation=&#8221;none&#8221;]<\/p>\n<div class=\"title-h1\"><span style=\"color: #000000;\">Programe<\/span><\/div>\n<p>[\/vc_column_text]<div class=\"clearboth\"><\/div><style>#thegem-divider-69d1feeb6d50d {margin-top: 25px !important;}#thegem-divider-69d1feeb6d50d {margin-bottom: 30px !important;}<\/style><div id=\"thegem-divider-69d1feeb6d50d\" class=\"gem-divider  custom-blue-divider\" style=\"border-color: #00bcd4;\" ><\/div>[\/vc_column_inner][vc_column_inner offset=&#8221;vc_col-md-7&#8243;]<div class=\"clearboth\"><\/div><style>#thegem-divider-69d1feeb6d51d {margin-top: 5px !important;}<\/style><div id=\"thegem-divider-69d1feeb6d51d\" class=\"gem-divider  \" style=\"\" ><\/div>[\/vc_column_inner][\/vc_row_inner][vc_row_inner][vc_column_inner offset=&#8221;vc_col-md-4&#8243;]<div class=\"gem-list gem-list-type-check-style-2 gem-list-color-3\" ><ul>\n<li class=\"styled-subtitle\" style=\"color: #99a9b5;\"><a href=\"https:\/\/jpacademy.gov.mk\/wp-content\/uploads\/2022\/08\/Opsta_programa_za_kontinuirana_obuka_2021-2022.pdf\"><span style=\"color: #000000;\">Programi i p\u00ebrgjithsh\u00ebm p\u00ebr trajnim t\u00eb vazhduesh\u00ebm p\u00ebr Gjykat\u00ebs dhe Prokuror\u00eb Publik<\/span><\/a><\/li>\n<li class=\"styled-subtitle\" style=\"color: #99a9b5;\"><a href=\"https:\/\/jpacademy.gov.mk\/wp-content\/uploads\/2022\/08\/Specijalizirana_programa_za_obuka_na_sudii_porotnici_2019.pdf\"><span style=\"color: #000000;\">Programi i specializuar p\u00ebr trajnim t\u00eb Gjykat\u00ebsve dhe Jurist\u00ebve<\/span><\/a><\/li>\n<li class=\"styled-subtitle\" style=\"color: #99a9b5;\"><a href=\"https:\/\/jpacademy.gov.mk\/wp-content\/uploads\/2022\/08\/Specijalizirana_programa_za_sluzbenici_2023.pdf\"><span style=\"color: #000000;\">Programi i specializuar p\u00ebr zyrtar\u00eb<\/span><\/a><\/li>\n<\/ul>\n<\/div>[\/vc_column_inner][vc_column_inner offset=&#8221;vc_col-md-8 vc_hidden-sm vc_hidden-xs&#8221;]<div class=\"centered-box gem-image-centered-box\"><div class=\"gem-image gem-wrapbox gem-wrapbox-style-default gem-wrapbox-position-centered lazy-loading\"  style=\"\"><div class=\"gem-wrapbox-inner  lazy-loading-item\"  data-ll-effect=\"move-up\"><img decoding=\"async\" class=\"gem-wrapbox-element img-responsive\" src=\"https:\/\/jpacademy.gov.mk\/wp-content\/uploads\/2022\/09\/continous_programs.jpg\" alt=\"\"\/><\/div><\/div><\/div>[\/vc_column_inner][\/vc_row_inner]<div class=\"clearboth\"><\/div><style>#thegem-divider-69d1feeb6d5bb {margin-top: 100px !important;}<\/style><div id=\"thegem-divider-69d1feeb6d5bb\" class=\"gem-divider  \" style=\"\" ><\/div>[\/vc_column][\/vc_row][vc_row full_width=&#8221;stretch_row&#8221; video_bg=&#8221;yes&#8221; video_bg_url=&#8221;&#8221; css=&#8221;.vc_custom_1563453195075{margin-bottom: 0px !important;background-color: #2c2e3d !important;}&#8221;][vc_column css=&#8221;.vc_custom_1563450678921{padding-top: 0px !important;}&#8221;]<div class=\"clearboth\"><\/div><style>#thegem-divider-69d1feeb6d5d0 {margin-top: 85px !important;}<\/style><div id=\"thegem-divider-69d1feeb6d5d0\" class=\"gem-divider  \" style=\"\" ><\/div>[vc_row_inner][vc_column_inner offset=&#8221;vc_col-md-5&#8243;][vc_column_text css_animation=&#8221;none&#8221;]<\/p>\n<div class=\"title-h1\"><span style=\"color: #ffffff;\">Katalogu I Trajnimeve<\/span><\/div>\n<p>[\/vc_column_text]<div class=\"clearboth\"><\/div><style>#thegem-divider-69d1feeb6d5e6 {margin-top: 25px !important;}#thegem-divider-69d1feeb6d5e6 {margin-bottom: 30px !important;}<\/style><div id=\"thegem-divider-69d1feeb6d5e6\" class=\"gem-divider  custom-blue-divider\" style=\"border-color: #00bcd4;\" ><\/div>[\/vc_column_inner][vc_column_inner offset=&#8221;vc_col-md-7&#8243;]<div class=\"clearboth\"><\/div><style>#thegem-divider-69d1feeb6d5f8 {margin-top: 5px !important;}<\/style><div id=\"thegem-divider-69d1feeb6d5f8\" class=\"gem-divider  \" style=\"\" ><\/div>[\/vc_column_inner][\/vc_row_inner][vc_row_inner][vc_column_inner offset=&#8221;vc_col-md-4&#8243;]<div class=\"gem-list gem-list-type-check-style-2 gem-list-color-3\" ><ul>\n<li class=\"styled-subtitle\" style=\"color: #99a9b5;\"><a href=\"https:\/\/jpacademy.gov.mk\/wp-content\/uploads\/2022\/08\/Katalog_za_kontinuirana_2022.pdf\"><span style=\"color: #ffffff;\">Katalogu i trajnimeve n\u00eb kuad\u00ebr t\u00eb trajnimit t\u00eb detyruesh\u00ebm dhe p\u00ebr t\u00eb vazhduesh\u00ebm p\u00ebr ngritjen profesionale t\u00eb gjykat\u00ebsve dhe prokuror\u00ebve publik, kryetar\u00ebve t\u00eb gjykatave dhe prokuror\u00ebve publik t\u00eb prokurorive publike dhe p\u00ebr sh\u00ebrbime profesionale n\u00eb gjyq\u00ebsor dhe prokurori publike 2022<\/span><\/a><\/li>\n<li class=\"styled-subtitle\" style=\"color: #99a9b5;\"><a href=\"https:\/\/jpacademy.gov.mk\/wp-content\/uploads\/2022\/08\/Katalog_za_sluzbenici_2022.pdf\"><span style=\"color: #ffffff;\">Katalogu p\u00ebr trajnime n\u00eb kuad\u00ebr t\u00eb trajnimit t\u00eb vazhduesh\u00ebm vullnetar p\u00ebr sh\u00ebrbime profesionale n\u00eb gjyq\u00ebsin\u00eb dhe prokurorin\u00eb publike viti 2022<\/span><\/a><\/li>\n<\/ul>\n<\/div>[\/vc_column_inner][vc_column_inner offset=&#8221;vc_col-md-8 vc_hidden-sm vc_hidden-xs&#8221;]<div class=\"centered-box gem-image-centered-box\"><div class=\"gem-image gem-wrapbox gem-wrapbox-style-default gem-wrapbox-position-centered lazy-loading\"  style=\"\"><div class=\"gem-wrapbox-inner  lazy-loading-item\"  data-ll-effect=\"move-up\"><img decoding=\"async\" class=\"gem-wrapbox-element img-responsive\" src=\"https:\/\/jpacademy.gov.mk\/wp-content\/uploads\/2022\/09\/continous_catalogs.jpg\" alt=\"\"\/><\/div><\/div><\/div>[\/vc_column_inner][\/vc_row_inner]<div class=\"clearboth\"><\/div><style>#thegem-divider-69d1feeb6d688 {margin-top: 100px !important;}<\/style><div id=\"thegem-divider-69d1feeb6d688\" class=\"gem-divider  \" style=\"\" ><\/div>[\/vc_column][\/vc_row][vc_row full_width=&#8221;stretch_row&#8221; video_bg=&#8221;yes&#8221; video_bg_url=&#8221;&#8221; css=&#8221;.vc_custom_1658080580212{margin-bottom: 0px !important;background-color: #222434 !important;}&#8221;][vc_column css=&#8221;.vc_custom_1563450678921{padding-top: 0px !important;}&#8221;]<div class=\"clearboth\"><\/div><style>#thegem-divider-69d1feeb6d69a {margin-top: 85px !important;}<\/style><div id=\"thegem-divider-69d1feeb6d69a\" class=\"gem-divider  \" style=\"\" ><\/div>[vc_row_inner][vc_column_inner offset=&#8221;vc_col-md-5&#8243;][vc_column_text css_animation=&#8221;none&#8221;]<\/p>\n<div class=\"title-h1\"><span style=\"color: #ffffff;\">V\u00ebrtetim<\/span><\/div>\n<p>[\/vc_column_text]<div class=\"clearboth\"><\/div><style>#thegem-divider-69d1feeb6d6ac {margin-top: 25px !important;}#thegem-divider-69d1feeb6d6ac {margin-bottom: 30px !important;}<\/style><div id=\"thegem-divider-69d1feeb6d6ac\" class=\"gem-divider  custom-blue-divider\" style=\"border-color: #00bcd4;\" ><\/div>[\/vc_column_inner][vc_column_inner offset=&#8221;vc_col-md-7&#8243;]<div class=\"clearboth\"><\/div><style>#thegem-divider-69d1feeb6d6bc {margin-top: 5px !important;}<\/style><div id=\"thegem-divider-69d1feeb6d6bc\" class=\"gem-divider  \" style=\"\" ><\/div>[\/vc_column_inner][\/vc_row_inner][vc_row_inner][vc_column_inner offset=&#8221;vc_col-md-4&#8243;]<div class=\"gem-list gem-list-type-check-style-2 gem-list-color-3\" ><ul>\n<li class=\"styled-subtitle\" style=\"color: #99a9b5;\"><span style=\"color: #ffffff;\">K\u00ebrkes\u00eb p\u00ebr v\u00ebrtetim p\u00ebr pjes\u00ebmarrje n\u00eb trajnim<\/span><\/li>\n<\/ul>\n<\/div>[\/vc_column_inner][vc_column_inner offset=&#8221;vc_col-md-8 vc_hidden-sm vc_hidden-xs&#8221;]<div class=\"centered-box gem-image-centered-box\"><div class=\"gem-image gem-wrapbox gem-wrapbox-style-default gem-wrapbox-position-centered lazy-loading\"  style=\"\"><div class=\"gem-wrapbox-inner  lazy-loading-item\"  data-ll-effect=\"move-up\"><img decoding=\"async\" class=\"gem-wrapbox-element img-responsive\" src=\"https:\/\/jpacademy.gov.mk\/wp-content\/uploads\/2022\/09\/request_letter.jpg\" alt=\"\"\/><\/div><\/div><\/div>[\/vc_column_inner][\/vc_row_inner]<div class=\"clearboth\"><\/div><style>#thegem-divider-69d1feeb6d73f {margin-top: 100px !important;}<\/style><div id=\"thegem-divider-69d1feeb6d73f\" class=\"gem-divider  \" style=\"\" ><\/div>[\/vc_column][\/vc_row][vc_row full_width=&#8221;stretch_row&#8221; video_bg=&#8221;yes&#8221; video_bg_url=&#8221;&#8221; css=&#8221;.vc_custom_1658079778582{margin-bottom: 0px !important;}&#8221;][vc_column css=&#8221;.vc_custom_1563450678921{padding-top: 0px !important;}&#8221;]<div class=\"clearboth\"><\/div><style>#thegem-divider-69d1feeb6d750 {margin-top: 85px !important;}<\/style><div id=\"thegem-divider-69d1feeb6d750\" class=\"gem-divider  \" style=\"\" ><\/div>[vc_row_inner][vc_column_inner offset=&#8221;vc_col-md-5&#8243;][vc_column_text css_animation=&#8221;none&#8221;]<\/p>\n<div class=\"title-h1\"><span style=\"color: #000000;\">Rregullore<\/span><\/div>\n<p>[\/vc_column_text]<div class=\"clearboth\"><\/div><style>#thegem-divider-69d1feeb6d761 {margin-top: 25px !important;}#thegem-divider-69d1feeb6d761 {margin-bottom: 30px !important;}<\/style><div id=\"thegem-divider-69d1feeb6d761\" class=\"gem-divider  custom-blue-divider\" style=\"border-color: #00bcd4;\" ><\/div>[\/vc_column_inner][vc_column_inner offset=&#8221;vc_col-md-7&#8243;]<div class=\"clearboth\"><\/div><style>#thegem-divider-69d1feeb6d770 {margin-top: 5px !important;}<\/style><div id=\"thegem-divider-69d1feeb6d770\" class=\"gem-divider  \" style=\"\" ><\/div>[\/vc_column_inner][\/vc_row_inner][vc_row_inner][vc_column_inner offset=&#8221;vc_col-md-4&#8243;]<div class=\"gem-list gem-list-type-check-style-2 gem-list-color-3\" ><ul>\n<li class=\"styled-subtitle\" style=\"color: #99a9b5;\"><a href=\"https:\/\/jpacademy.gov.mk\/wp-content\/uploads\/2022\/08\/Pravilnik_za_kontinuirana_2015.pdf\"><span style=\"color: #000000;\">Rregullorja p\u00ebr trajnim t\u00eb vazhduesh\u00ebm (Gazeta Zyrtare t\u00eb RMV-s\u00eb, nr.77 nga 12.05.2015 viti)<\/span><\/a><\/li>\n<li class=\"styled-subtitle\" style=\"color: #99a9b5;\"><a href=\"http:\/\/Izmeni_pravilnik_kontinuirana_2017_10022017\"><span style=\"color: #000000;\">Rregullore p\u00ebr ndryshime dhe plot\u00ebsime t\u00eb Rregullores p\u00ebr trajnim t\u00eb vazhduesh\u00ebm (Gazeta Zyrtare t\u00eb RMV-s\u00eb, nr.15 nga 10.2.2017 viti)<\/span><\/a><\/li>\n<li class=\"styled-subtitle\" style=\"color: #99a9b5;\"><a href=\"https:\/\/jpacademy.gov.mk\/wp-content\/uploads\/2022\/08\/Izmeni_pravilnik_kontinuirana_2017_16022017.pdf\"><span style=\"color: #000000;\">Rregullore p\u00ebr ndryshime dhe plot\u00ebsime t\u00eb rregullores p\u00ebr trajnim t\u00eb vazhduesh\u00ebm (Gazeta Zyrtare e RMV-s\u00eb, nr.19 nga 16.2.2017 viti)<\/span><\/a><\/li>\n<\/ul>\n<\/div>[\/vc_column_inner][vc_column_inner offset=&#8221;vc_col-md-8 vc_hidden-sm vc_hidden-xs&#8221;]<div class=\"centered-box gem-image-centered-box\"><div class=\"gem-image gem-wrapbox gem-wrapbox-style-default gem-wrapbox-position-centered lazy-loading\"  style=\"\"><div class=\"gem-wrapbox-inner  lazy-loading-item\"  data-ll-effect=\"move-up\"><img decoding=\"async\" class=\"gem-wrapbox-element img-responsive\" src=\"https:\/\/jpacademy.gov.mk\/wp-content\/uploads\/2022\/09\/rulebooks_continous.jpg\" alt=\"\"\/><\/div><\/div><\/div>[\/vc_column_inner][\/vc_row_inner]<div class=\"clearboth\"><\/div><style>#thegem-divider-69d1feeb6d80a {margin-top: 100px !important;}<\/style><div id=\"thegem-divider-69d1feeb6d80a\" class=\"gem-divider  \" style=\"\" ><\/div>[\/vc_column][\/vc_row]<\/p>\n<\/section>","protected":false},"excerpt":{"rendered":"<p>[vc_row full_width=&#8221;stretch_row&#8221; css=&#8221;.vc_custom_1658134567075{padding-top: 160px !important;padding-bottom: 160px !important;background-image: url(https:\/\/jpacademy.gov.mk\/wp-content\/uploads\/2019\/10\/6.jpg?id=769) !important;background-position: center !important;background-repeat: no-repeat !important;background-size: cover !important;}&#8221;][vc_column][vc_column_text] Trajnimi i vazhduesh\u00ebm [\/vc_column_text][vc_column_text] T\u00eb&#8230;<\/p>\n","protected":false},"author":1,"featured_media":0,"parent":0,"menu_order":3,"comment_status":"closed","ping_status":"closed","template":"","meta":{"footnotes":""},"class_list":["post-1625","page","type-page","status-publish"],"_links":{"self":[{"href":"https:\/\/jpacademy.gov.mk\/sq\/wp-json\/wp\/v2\/pages\/1625","targetHints":{"allow":["GET"]}}],"collection":[{"href":"https:\/\/jpacademy.gov.mk\/sq\/wp-json\/wp\/v2\/pages"}],"about":[{"href":"https:\/\/jpacademy.gov.mk\/sq\/wp-json\/wp\/v2\/types\/page"}],"author":[{"embeddable":true,"href":"https:\/\/jpacademy.gov.mk\/sq\/wp-json\/wp\/v2\/users\/1"}],"replies":[{"embeddable":true,"href":"https:\/\/jpacademy.gov.mk\/sq\/wp-json\/wp\/v2\/comments?post=1625"}],"version-history":[{"count":68,"href":"https:\/\/jpacademy.gov.mk\/sq\/wp-json\/wp\/v2\/pages\/1625\/revisions"}],"predecessor-version":[{"id":9809,"href":"https:\/\/jpacademy.gov.mk\/sq\/wp-json\/wp\/v2\/pages\/1625\/revisions\/9809"}],"wp:attachment":[{"href":"https:\/\/jpacademy.gov.mk\/sq\/wp-json\/wp\/v2\/media?parent=1625"}],"curies":[{"name":"wp","href":"https:\/\/api.w.org\/{rel}","templated":true}]}}